{"id":2630,"date":"2024-11-28T10:08:57","date_gmt":"2024-11-28T10:08:57","guid":{"rendered":"https:\/\/new-website.schmidt-bender.hu\/web\/?page_id=2630"},"modified":"2025-01-09T13:21:58","modified_gmt":"2025-01-09T13:21:58","slug":"visszaeles-bejelentes","status":"publish","type":"page","link":"https:\/\/new-website.schmidt-bender.hu\/web\/visszaeles-bejelentes\/","title":{"rendered":"Vissza\u00e9l\u00e9s-bejelent\u00e9s"},"content":{"rendered":"\t\t<div data-elementor-type=\"wp-page\" data-elementor-id=\"2630\" class=\"elementor elementor-2630\" data-elementor-post-type=\"page\">\n\t\t\t\t<div class=\"elementor-element elementor-element-0322c20 e-flex e-con-boxed e-con e-parent\" data-id=\"0322c20\" data-element_type=\"container\" data-core-v316-plus=\"true\">\n\t\t\t\t\t<div class=\"e-con-inner\">\n\t\t\t\t<div class=\"elementor-element elementor-element-0624428 elementor-widget elementor-widget-text-editor\" data-id=\"0624428\" data-element_type=\"widget\" data-widget_type=\"text-editor.default\">\n\t\t\t\t<div class=\"elementor-widget-container\">\n\t\t\t<style>\/*! elementor - v3.20.0 - 20-03-2024 *\/\n.elementor-widget-text-editor.elementor-drop-cap-view-stacked .elementor-drop-cap{background-color:#69727d;color:#fff}.elementor-widget-text-editor.elementor-drop-cap-view-framed .elementor-drop-cap{color:#69727d;border:3px solid;background-color:transparent}.elementor-widget-text-editor:not(.elementor-drop-cap-view-default) .elementor-drop-cap{margin-top:8px}.elementor-widget-text-editor:not(.elementor-drop-cap-view-default) .elementor-drop-cap-letter{width:1em;height:1em}.elementor-widget-text-editor .elementor-drop-cap{float:left;text-align:center;line-height:1;font-size:50px}.elementor-widget-text-editor .elementor-drop-cap-letter{display:inline-block}<\/style>\t\t\t\t<h5>Tisztelt Bejelent\u0151!<\/h5> \n\n\u00d6n a Schmidt-Bender Hungaria Optikai \u00a0Kft. &#8222;Panasz \u00e9s vissza\u00e9l\u00e9s bejelent\u0151&#8221; fel\u00fclet\u00e9n tart\u00f3zkodik. A bejelent\u00e9sekkel kapcsolatos r\u00e9szletes t\u00e1j\u00e9koztat\u00e1st ny\u00fajtunk itt: <a href=\"https:\/\/new-website.schmidt-bender.hu\/web\/wp-content\/uploads\/2025\/01\/SB_VISSZAELES-BEJELENTESEK-SZABALYZATA.pdf\" download=\"S&#038;B Vissza\u00e9l\u00e9s-bejelent\u00e9s szab\u00e1lyzata\"><em>link a szab\u00e1lyzathoz<\/em><\/a>\t\t\t\t\t\t<\/div>\n\t\t\t\t<\/div>\n\t\t\t\t\t<\/div>\n\t\t\t\t<\/div>\n\t\t<div class=\"elementor-element elementor-element-0cf15c3 e-flex e-con-boxed e-con e-parent\" data-id=\"0cf15c3\" data-element_type=\"container\" data-core-v316-plus=\"true\">\n\t\t\t\t\t<div class=\"e-con-inner\">\n\t\t\t\t<div class=\"elementor-element elementor-element-77d489f elementor-widget elementor-widget-shortcode\" data-id=\"77d489f\" data-element_type=\"widget\" data-widget_type=\"shortcode.default\">\n\t\t\t\t<div class=\"elementor-widget-container\">\n\t\t\t\t\t<div class=\"elementor-shortcode\">\n<div class=\"wpcf7 no-js\" id=\"wpcf7-f2637-o1\" lang=\"hu-HU\" dir=\"ltr\">\n<div class=\"screen-reader-response\"><p role=\"status\" aria-live=\"polite\" aria-atomic=\"true\"><\/p> <ul><\/ul><\/div>\n<form action=\"\/web\/wp-json\/wp\/v2\/pages\/2630#wpcf7-f2637-o1\" method=\"post\" class=\"wpcf7-form init\" aria-label=\"Kapcsolatfelv\u00e9teli \u0171rlap\" novalidate=\"novalidate\" data-status=\"init\">\n<div style=\"display: none;\">\n<input type=\"hidden\" name=\"_wpcf7\" value=\"2637\" \/>\n<input type=\"hidden\" name=\"_wpcf7_version\" value=\"5.9.3\" \/>\n<input type=\"hidden\" name=\"_wpcf7_locale\" value=\"hu_HU\" \/>\n<input type=\"hidden\" name=\"_wpcf7_unit_tag\" value=\"wpcf7-f2637-o1\" \/>\n<input type=\"hidden\" name=\"_wpcf7_container_post\" value=\"0\" \/>\n<input type=\"hidden\" name=\"_wpcf7_posted_data_hash\" value=\"\" \/>\n<\/div>\n<p><label> 1. K\u00e9rj\u00fck adja meg nev\u00e9t a v\u00e1laszok \u00e9rt\u00e9kel\u00e9s\u00e9hez!<br \/>\n<span>(A n\u00e9v megad\u00e1sa nem k\u00f6telez\u0151, de seg\u00edti a panasz kivizsg\u00e1l\u00e1s\u00e1t. Nev\u00e9t a hat\u00e1lyos adatv\u00e9delmi jogszab\u00e1lyoknak megfelel\u0151en, bizalmasan kezelj\u00fck.)<\/span><br \/>\n<span class=\"wpcf7-form-control-wrap\" data-name=\"name1\"><input size=\"40\" class=\"wpcf7-form-control wpcf7-text\" aria-invalid=\"false\" value=\"\" type=\"text\" name=\"name1\" \/><\/span> <\/label>\n<\/p>\n<p><label> 2. K\u00e9rj\u00fck adja meg telefonsz\u00e1m\u00e1t a v\u00e1laszok \u00e9rt\u00e9kel\u00e9s\u00e9hez!<br \/>\n<span>(A telefonsz\u00e1m megad\u00e1sa nem k\u00f6telez\u0151, de seg\u00edti a panasz kivizsg\u00e1l\u00e1s\u00e1t. Telefonsz\u00e1m\u00e1t a hat\u00e1lyos adatv\u00e9delmi jogszab\u00e1lyoknak megfelel\u0151en, bizalmasan kezelj\u00fck. T\u00e1j\u00e9koztatjuk, hogy amennyiben nem ad meg el\u00e9rhet\u0151s\u00e9get, akkor a kivizsg\u00e1l\u00e1s eredm\u00e9ny\u00e9t nem tudjuk visszajelezni az \u00d6n sz\u00e1m\u00e1ra.)<\/span><br \/>\n<span class=\"wpcf7-form-control-wrap\" data-name=\"tel-419\"><input size=\"40\" class=\"wpcf7-form-control wpcf7-tel wpcf7-text wpcf7-validates-as-tel\" aria-invalid=\"false\" value=\"\" type=\"tel\" name=\"tel-419\" \/><\/span> <\/label>\n<\/p>\n<p><label> 3. K\u00e9rj\u00fck adja meg e-mail c\u00edm\u00e9t a v\u00e1laszok \u00e9rt\u00e9kel\u00e9s\u00e9hez!<br \/>\n<span>(Az e-mail c\u00edm megad\u00e1sa nem k\u00f6telez\u0151, de seg\u00ed1 a panasz kivizsg\u00e1l\u00e1s\u00e1t. E-mail c\u00edm\u00e9t a hat\u00e1lyos adatv\u00e9delmi jogszab\u00e1lyoknak megfelel\u0151en, bizalmasan kezelj\u00fck. T\u00e1j\u00e9koztatjuk, hogy amennyiben nem ad meg el\u00e9rhet\u0151s\u00e9get, akkor a kivizsg\u00e1l\u00e1s eredm\u00e9ny\u00e9t nem tudjuk visszajelezni az \u00d6n sz\u00e1m\u00e1ra.)<\/span><br \/>\n<span class=\"wpcf7-form-control-wrap\" data-name=\"email-994\"><input size=\"40\" class=\"wpcf7-form-control wpcf7-email wpcf7-text wpcf7-validates-as-email\" aria-invalid=\"false\" value=\"\" type=\"email\" name=\"email-994\" \/><\/span> <\/label>\n<\/p>\n<p><label> 4. Milyen jogviszonyban \u00e1ll a Schmidt-Bender Kft.-vel?<br \/>\n<span>A v\u00e1laszokn\u00e1l azt a jogviszonyt kell megadni, ami \u00e9ppen \u00e9rv\u00e9nyben van, vagy m\u00e1r megsz\u0171nt, illetve azt is, ha jogviszonyt l\u00e9tes\u00edteni k\u00edv\u00e1n a bejelent\u0151, \u00e9s az elj\u00e1r\u00e1s m\u00e1r folyamatban van. V\u00e1lassza ki a helyes v\u00e1laszt!<\/span><br \/>\n<span class=\"wpcf7-form-control-wrap\" data-name=\"menu-501\"><select class=\"wpcf7-form-control wpcf7-select\" aria-invalid=\"false\" name=\"menu-501\"><option value=\"foglalkoztatott\">foglalkoztatott<\/option><option value=\"volt foglalkoztatott\">volt foglalkoztatott<\/option><option value=\"foglalkoztat\u00e1si jogviszonyt l\u00e9tes\u00edteni k\u00edv\u00e1n\u00f3 szem\u00e9ly\">foglalkoztat\u00e1si jogviszonyt l\u00e9tes\u00edteni k\u00edv\u00e1n\u00f3 szem\u00e9ly<\/option><option value=\"egy\u00e9ni v\u00e1llalkoz\u00f3, egy\u00e9ni c\u00e9g, szerz\u0151d\u00e9ses kapcsolat,\">egy\u00e9ni v\u00e1llalkoz\u00f3, egy\u00e9ni c\u00e9g, szerz\u0151d\u00e9ses kapcsolat,<\/option><option value=\"tulajdonosi r\u00e9szesed\u00e9ssel rendelkez\u0151 szem\u00e9ly, vagy a Schmidt-Bender Kft. \u00fcgyviteli, \u00fcgyvezet\u0151, illetve fel\u00fcgyel\u0151 test\u00fclet\u00e9hez tartoz\u00f3 szem\u00e9ly, ide\u00e9rtve a nem \u00fcgyvezet\u0151 tagot is,\">tulajdonosi r\u00e9szesed\u00e9ssel rendelkez\u0151 szem\u00e9ly, vagy a Schmidt-Bender Kft. \u00fcgyviteli, \u00fcgyvezet\u0151, illetve fel\u00fcgyel\u0151 test\u00fclet\u00e9hez tartoz\u00f3 szem\u00e9ly, ide\u00e9rtve a nem \u00fcgyvezet\u0151 tagot is,<\/option><option value=\"v\u00e1llalkoz\u00f3, alv\u00e1llalkoz\u00f3, besz\u00e1ll\u00edt\u00f3,\">v\u00e1llalkoz\u00f3, alv\u00e1llalkoz\u00f3, besz\u00e1ll\u00edt\u00f3,<\/option><option value=\"gyakornok, vagy \u00f6nk\u00e9ntes,\">gyakornok, vagy \u00f6nk\u00e9ntes,<\/option><\/select><\/span> <\/label>\n<\/p>\n<p><label> 5. K\u00e9rj\u00fck, \u00edrja le a bejelent\u00e9s\u00e9t!<br \/>\n<span class=\"wpcf7-form-control-wrap\" data-name=\"textarea-788\"><textarea cols=\"40\" rows=\"10\" class=\"wpcf7-form-control wpcf7-textarea\" aria-invalid=\"false\" name=\"textarea-788\"><\/textarea><\/span> <\/label>\n<\/p>\n<p><label> 6. Hozz\u00e1j\u00e1rul\u00f3 nyilatkozat szem\u00e9lyes adatok kezel\u00e9s\u00e9hez<br \/>\n<\/label>\n<\/p>\n<div class=\"elementor-field-option\">\n\t<p><span class=\"wpcf7-form-control-wrap\" data-name=\"acceptance-563\"><span class=\"wpcf7-form-control wpcf7-acceptance\"><span class=\"wpcf7-list-item\"><label><input type=\"checkbox\" name=\"acceptance-563\" value=\"1\" aria-invalid=\"false\" \/><span class=\"wpcf7-list-item-label\">A szem\u00e9lyes adataim kezel\u00e9s\u00e9re vonatkoz\u00f3 <a href=\"https:\/\/new-website.schmidt-bender.hu\/web\/adatvedelmi-tajekoztato\/\" target=\"_blank\">t\u00e1j\u00e9koztat\u00f3t<\/a> elolvastam, a megadott szem\u00e9lyes adataim kezel\u00e9s\u00e9hez hozz\u00e1j\u00e1rulok.<\/span><\/label><\/span><\/span><\/span>\n\t<\/p>\n<\/div>\n<p><input class=\"wpcf7-form-control wpcf7-submit has-spinner\" type=\"submit\" value=\"Elk\u00fcld\" \/>\n<\/p><div class=\"wpcf7-response-output\" aria-hidden=\"true\"><\/div>\n<\/form>\n<\/div>\n<\/div>\n\t\t\t\t<\/div>\n\t\t\t\t<\/div>\n\t\t\t\t\t<\/div>\n\t\t\t\t<\/div>\n\t\t\t\t<\/div>\n\t\t","protected":false},"excerpt":{"rendered":"<p>Tisztelt Bejelent\u0151! \u00d6n a Schmidt-Bender Hungaria Optikai \u00a0Kft. &#8222;Panasz \u00e9s vissza\u00e9l\u00e9s bejelent\u0151&#8221; fel\u00fclet\u00e9n tart\u00f3zkodik. A bejelent\u00e9sekkel kapcsolatos r\u00e9szletes t\u00e1j\u00e9koztat\u00e1st ny\u00fajtunk itt: link a szab\u00e1lyzathoz<\/p>\n","protected":false},"author":1,"featured_media":0,"parent":0,"menu_order":0,"comment_status":"closed","ping_status":"closed","template":"","meta":{"footnotes":""},"class_list":["post-2630","page","type-page","status-publish","hentry"],"yoast_head":"<!-- This site is optimized with the Yoast SEO Premium plugin v22.5 (Yoast SEO v22.5) - https:\/\/yoast.com\/wordpress\/plugins\/seo\/ -->\n<title>Vissza\u00e9l\u00e9s-bejelent\u00e9s - Schmidt-Bender Hung\u00e1ria<\/title>\n<meta name=\"robots\" content=\"noindex, follow, max-snippet:-1, max-image-preview:large, max-video-preview:-1\" \/>\n<meta property=\"og:locale\" content=\"hu_HU\" \/>\n<meta property=\"og:type\" content=\"article\" \/>\n<meta property=\"og:title\" content=\"Vissza\u00e9l\u00e9s-bejelent\u00e9s\" \/>\n<meta property=\"og:description\" content=\"Tisztelt Bejelent\u0151! \u00d6n a Schmidt-Bender Hungaria Optikai \u00a0Kft. &#8222;Panasz \u00e9s vissza\u00e9l\u00e9s bejelent\u0151&#8221; fel\u00fclet\u00e9n tart\u00f3zkodik. A bejelent\u00e9sekkel kapcsolatos r\u00e9szletes t\u00e1j\u00e9koztat\u00e1st ny\u00fajtunk itt: link a szab\u00e1lyzathoz\" \/>\n<meta property=\"og:url\" content=\"https:\/\/new-website.schmidt-bender.hu\/web\/visszaeles-bejelentes\/\" \/>\n<meta property=\"og:site_name\" content=\"Schmidt-Bender Hung\u00e1ria\" \/>\n<meta property=\"article:modified_time\" content=\"2025-01-09T13:21:58+00:00\" \/>\n<meta name=\"twitter:card\" content=\"summary_large_image\" \/>\n<meta name=\"twitter:label1\" content=\"Becs\u00fclt olvas\u00e1si id\u0151\" \/>\n\t<meta name=\"twitter:data1\" content=\"1 perc\" \/>\n<script type=\"application\/ld+json\" class=\"yoast-schema-graph\">{\"@context\":\"https:\/\/schema.org\",\"@graph\":[{\"@type\":\"WebPage\",\"@id\":\"https:\/\/new-website.schmidt-bender.hu\/web\/visszaeles-bejelentes\/\",\"url\":\"https:\/\/new-website.schmidt-bender.hu\/web\/visszaeles-bejelentes\/\",\"name\":\"Vissza\u00e9l\u00e9s-bejelent\u00e9s - Schmidt-Bender Hung\u00e1ria\",\"isPartOf\":{\"@id\":\"https:\/\/new-website.schmidt-bender.hu\/web\/#website\"},\"datePublished\":\"2024-11-28T10:08:57+00:00\",\"dateModified\":\"2025-01-09T13:21:58+00:00\",\"breadcrumb\":{\"@id\":\"https:\/\/new-website.schmidt-bender.hu\/web\/visszaeles-bejelentes\/#breadcrumb\"},\"inLanguage\":\"hu\",\"potentialAction\":[{\"@type\":\"ReadAction\",\"target\":[\"https:\/\/new-website.schmidt-bender.hu\/web\/visszaeles-bejelentes\/\"]}]},{\"@type\":\"BreadcrumbList\",\"@id\":\"https:\/\/new-website.schmidt-bender.hu\/web\/visszaeles-bejelentes\/#breadcrumb\",\"itemListElement\":[{\"@type\":\"ListItem\",\"position\":1,\"name\":\"Kezd\u0151lap\",\"item\":\"https:\/\/new-website.schmidt-bender.hu\/web\/\"},{\"@type\":\"ListItem\",\"position\":2,\"name\":\"Vissza\u00e9l\u00e9s-bejelent\u00e9s\"}]},{\"@type\":\"WebSite\",\"@id\":\"https:\/\/new-website.schmidt-bender.hu\/web\/#website\",\"url\":\"https:\/\/new-website.schmidt-bender.hu\/web\/\",\"name\":\"Schmidt-Bender Hung\u00e1ria\",\"description\":\"C\u00e9lt\u00e1vcs\u00f6vek, optika \u00e9s sz\u00e1loptika\",\"publisher\":{\"@id\":\"https:\/\/new-website.schmidt-bender.hu\/web\/#organization\"},\"potentialAction\":[{\"@type\":\"SearchAction\",\"target\":{\"@type\":\"EntryPoint\",\"urlTemplate\":\"https:\/\/new-website.schmidt-bender.hu\/web\/?s={search_term_string}\"},\"query-input\":\"required name=search_term_string\"}],\"inLanguage\":\"hu\"},{\"@type\":\"Organization\",\"@id\":\"https:\/\/new-website.schmidt-bender.hu\/web\/#organization\",\"name\":\"Schmidt-Bender Hung\u00e1ria\",\"url\":\"https:\/\/new-website.schmidt-bender.hu\/web\/\",\"logo\":{\"@type\":\"ImageObject\",\"inLanguage\":\"hu\",\"@id\":\"https:\/\/new-website.schmidt-bender.hu\/web\/#\/schema\/logo\/image\/\",\"url\":\"https:\/\/new-website.schmidt-bender.hu\/web\/wp-content\/uploads\/2024\/03\/header_logo.png\",\"contentUrl\":\"https:\/\/new-website.schmidt-bender.hu\/web\/wp-content\/uploads\/2024\/03\/header_logo.png\",\"width\":202,\"height\":41,\"caption\":\"Schmidt-Bender Hung\u00e1ria\"},\"image\":{\"@id\":\"https:\/\/new-website.schmidt-bender.hu\/web\/#\/schema\/logo\/image\/\"}}]}<\/script>\n<!-- \/ Yoast SEO Premium plugin. -->","yoast_head_json":{"title":"Vissza\u00e9l\u00e9s-bejelent\u00e9s - Schmidt-Bender Hung\u00e1ria","robots":{"index":"noindex","follow":"follow","max-snippet":"max-snippet:-1","max-image-preview":"max-image-preview:large","max-video-preview":"max-video-preview:-1"},"og_locale":"hu_HU","og_type":"article","og_title":"Vissza\u00e9l\u00e9s-bejelent\u00e9s","og_description":"Tisztelt Bejelent\u0151! \u00d6n a Schmidt-Bender Hungaria Optikai \u00a0Kft. &#8222;Panasz \u00e9s vissza\u00e9l\u00e9s bejelent\u0151&#8221; fel\u00fclet\u00e9n tart\u00f3zkodik. A bejelent\u00e9sekkel kapcsolatos r\u00e9szletes t\u00e1j\u00e9koztat\u00e1st ny\u00fajtunk itt: link a szab\u00e1lyzathoz","og_url":"https:\/\/new-website.schmidt-bender.hu\/web\/visszaeles-bejelentes\/","og_site_name":"Schmidt-Bender Hung\u00e1ria","article_modified_time":"2025-01-09T13:21:58+00:00","twitter_card":"summary_large_image","twitter_misc":{"Becs\u00fclt olvas\u00e1si id\u0151":"1 perc"},"schema":{"@context":"https:\/\/schema.org","@graph":[{"@type":"WebPage","@id":"https:\/\/new-website.schmidt-bender.hu\/web\/visszaeles-bejelentes\/","url":"https:\/\/new-website.schmidt-bender.hu\/web\/visszaeles-bejelentes\/","name":"Vissza\u00e9l\u00e9s-bejelent\u00e9s - Schmidt-Bender Hung\u00e1ria","isPartOf":{"@id":"https:\/\/new-website.schmidt-bender.hu\/web\/#website"},"datePublished":"2024-11-28T10:08:57+00:00","dateModified":"2025-01-09T13:21:58+00:00","breadcrumb":{"@id":"https:\/\/new-website.schmidt-bender.hu\/web\/visszaeles-bejelentes\/#breadcrumb"},"inLanguage":"hu","potentialAction":[{"@type":"ReadAction","target":["https:\/\/new-website.schmidt-bender.hu\/web\/visszaeles-bejelentes\/"]}]},{"@type":"BreadcrumbList","@id":"https:\/\/new-website.schmidt-bender.hu\/web\/visszaeles-bejelentes\/#breadcrumb","itemListElement":[{"@type":"ListItem","position":1,"name":"Kezd\u0151lap","item":"https:\/\/new-website.schmidt-bender.hu\/web\/"},{"@type":"ListItem","position":2,"name":"Vissza\u00e9l\u00e9s-bejelent\u00e9s"}]},{"@type":"WebSite","@id":"https:\/\/new-website.schmidt-bender.hu\/web\/#website","url":"https:\/\/new-website.schmidt-bender.hu\/web\/","name":"Schmidt-Bender Hung\u00e1ria","description":"C\u00e9lt\u00e1vcs\u00f6vek, optika \u00e9s sz\u00e1loptika","publisher":{"@id":"https:\/\/new-website.schmidt-bender.hu\/web\/#organization"},"potentialAction":[{"@type":"SearchAction","target":{"@type":"EntryPoint","urlTemplate":"https:\/\/new-website.schmidt-bender.hu\/web\/?s={search_term_string}"},"query-input":"required name=search_term_string"}],"inLanguage":"hu"},{"@type":"Organization","@id":"https:\/\/new-website.schmidt-bender.hu\/web\/#organization","name":"Schmidt-Bender Hung\u00e1ria","url":"https:\/\/new-website.schmidt-bender.hu\/web\/","logo":{"@type":"ImageObject","inLanguage":"hu","@id":"https:\/\/new-website.schmidt-bender.hu\/web\/#\/schema\/logo\/image\/","url":"https:\/\/new-website.schmidt-bender.hu\/web\/wp-content\/uploads\/2024\/03\/header_logo.png","contentUrl":"https:\/\/new-website.schmidt-bender.hu\/web\/wp-content\/uploads\/2024\/03\/header_logo.png","width":202,"height":41,"caption":"Schmidt-Bender Hung\u00e1ria"},"image":{"@id":"https:\/\/new-website.schmidt-bender.hu\/web\/#\/schema\/logo\/image\/"}}]}},"_links":{"self":[{"href":"https:\/\/new-website.schmidt-bender.hu\/web\/wp-json\/wp\/v2\/pages\/2630","targetHints":{"allow":["GET"]}}],"collection":[{"href":"https:\/\/new-website.schmidt-bender.hu\/web\/wp-json\/wp\/v2\/pages"}],"about":[{"href":"https:\/\/new-website.schmidt-bender.hu\/web\/wp-json\/wp\/v2\/types\/page"}],"author":[{"embeddable":true,"href":"https:\/\/new-website.schmidt-bender.hu\/web\/wp-json\/wp\/v2\/users\/1"}],"replies":[{"embeddable":true,"href":"https:\/\/new-website.schmidt-bender.hu\/web\/wp-json\/wp\/v2\/comments?post=2630"}],"version-history":[{"count":28,"href":"https:\/\/new-website.schmidt-bender.hu\/web\/wp-json\/wp\/v2\/pages\/2630\/revisions"}],"predecessor-version":[{"id":2722,"href":"https:\/\/new-website.schmidt-bender.hu\/web\/wp-json\/wp\/v2\/pages\/2630\/revisions\/2722"}],"wp:attachment":[{"href":"https:\/\/new-website.schmidt-bender.hu\/web\/wp-json\/wp\/v2\/media?parent=2630"}],"curies":[{"name":"wp","href":"https:\/\/api.w.org\/{rel}","templated":true}]}}