{"id":251,"date":"2024-03-20T09:07:40","date_gmt":"2024-03-20T09:07:40","guid":{"rendered":"https:\/\/new-website.schmidt-bender.hu\/web\/?page_id=251"},"modified":"2024-10-14T10:58:57","modified_gmt":"2024-10-14T10:58:57","slug":"optikai-tervezes","status":"publish","type":"page","link":"https:\/\/new-website.schmidt-bender.hu\/web\/optika\/optikai-tervezes\/","title":{"rendered":"Optikai tervez\u00e9s"},"content":{"rendered":"\t\t<div data-elementor-type=\"wp-page\" data-elementor-id=\"251\" class=\"elementor elementor-251\" data-elementor-post-type=\"page\">\n\t\t\t\t<div class=\"elementor-element elementor-element-ea200c9 e-flex e-con-boxed e-con e-parent\" data-id=\"ea200c9\" data-element_type=\"container\" data-core-v316-plus=\"true\">\n\t\t\t\t\t<div class=\"e-con-inner\">\n\t\t<div class=\"elementor-element elementor-element-11df8bf e-con-full e-flex e-con e-child\" data-id=\"11df8bf\" data-element_type=\"container\">\n\t\t\t\t<div class=\"elementor-element elementor-element-c0adde7 elementor-widget elementor-widget-text-editor\" data-id=\"c0adde7\" data-element_type=\"widget\" data-widget_type=\"text-editor.default\">\n\t\t\t\t<div class=\"elementor-widget-container\">\n\t\t\t<style>\/*! elementor - v3.20.0 - 20-03-2024 *\/\n.elementor-widget-text-editor.elementor-drop-cap-view-stacked .elementor-drop-cap{background-color:#69727d;color:#fff}.elementor-widget-text-editor.elementor-drop-cap-view-framed .elementor-drop-cap{color:#69727d;border:3px solid;background-color:transparent}.elementor-widget-text-editor:not(.elementor-drop-cap-view-default) .elementor-drop-cap{margin-top:8px}.elementor-widget-text-editor:not(.elementor-drop-cap-view-default) .elementor-drop-cap-letter{width:1em;height:1em}.elementor-widget-text-editor .elementor-drop-cap{float:left;text-align:center;line-height:1;font-size:50px}.elementor-widget-text-editor .elementor-drop-cap-letter{display:inline-block}<\/style>\t\t\t\t<ul><li>Optikai rendszerek tervez\u00e9se<\/li><li>Rapid prototyping<\/li><li>Rugalmas gy\u00e1rt\u00e1s<\/li><li>T\u00f6bbnyelv\u0171, kreat\u00edv csapat<\/li><\/ul>\t\t\t\t\t\t<\/div>\n\t\t\t\t<\/div>\n\t\t\t\t<\/div>\n\t\t\t\t\t<\/div>\n\t\t\t\t<\/div>\n\t\t<div class=\"elementor-element elementor-element-c9af17f image-box-img e-flex e-con-boxed e-con e-parent\" data-id=\"c9af17f\" data-element_type=\"container\" data-core-v316-plus=\"true\">\n\t\t\t\t\t<div class=\"e-con-inner\">\n\t\t<div class=\"elementor-element elementor-element-1bcae5b e-con-full e-flex e-con e-child\" data-id=\"1bcae5b\" data-element_type=\"container\">\n\t\t\t\t<div class=\"elementor-element elementor-element-593d3b1 elementor-position-top elementor-widget elementor-widget-image-box\" data-id=\"593d3b1\" data-element_type=\"widget\" data-widget_type=\"image-box.default\">\n\t\t\t\t<div class=\"elementor-widget-container\">\n\t\t\t<style>\/*! elementor - v3.20.0 - 20-03-2024 *\/\n.elementor-widget-image-box .elementor-image-box-content{width:100%}@media (min-width:768px){.elementor-widget-image-box.elementor-position-left .elementor-image-box-wrapper,.elementor-widget-image-box.elementor-position-right .elementor-image-box-wrapper{display:flex}.elementor-widget-image-box.elementor-position-right .elementor-image-box-wrapper{text-align:right;flex-direction:row-reverse}.elementor-widget-image-box.elementor-position-left .elementor-image-box-wrapper{text-align:left;flex-direction:row}.elementor-widget-image-box.elementor-position-top .elementor-image-box-img{margin:auto}.elementor-widget-image-box.elementor-vertical-align-top .elementor-image-box-wrapper{align-items:flex-start}.elementor-widget-image-box.elementor-vertical-align-middle .elementor-image-box-wrapper{align-items:center}.elementor-widget-image-box.elementor-vertical-align-bottom .elementor-image-box-wrapper{align-items:flex-end}}@media (max-width:767px){.elementor-widget-image-box .elementor-image-box-img{margin-left:auto!important;margin-right:auto!important;margin-bottom:15px}}.elementor-widget-image-box .elementor-image-box-img{display:inline-block}.elementor-widget-image-box .elementor-image-box-title a{color:inherit}.elementor-widget-image-box .elementor-image-box-wrapper{text-align:center}.elementor-widget-image-box .elementor-image-box-description{margin:0}<\/style><div class=\"elementor-image-box-wrapper\"><figure class=\"elementor-image-box-img\"><img fetchpriority=\"high\" decoding=\"async\" width=\"768\" height=\"413\" src=\"https:\/\/new-website.schmidt-bender.hu\/web\/wp-content\/uploads\/2024\/05\/3D-CAD-TERVEZES-768x413.png\" class=\"attachment-medium_large size-medium_large wp-image-1535\" alt=\"\" srcset=\"https:\/\/new-website.schmidt-bender.hu\/web\/wp-content\/uploads\/2024\/05\/3D-CAD-TERVEZES-768x413.png 768w, https:\/\/new-website.schmidt-bender.hu\/web\/wp-content\/uploads\/2024\/05\/3D-CAD-TERVEZES-300x161.png 300w, https:\/\/new-website.schmidt-bender.hu\/web\/wp-content\/uploads\/2024\/05\/3D-CAD-TERVEZES-1024x550.png 1024w, https:\/\/new-website.schmidt-bender.hu\/web\/wp-content\/uploads\/2024\/05\/3D-CAD-TERVEZES-1536x826.png 1536w, https:\/\/new-website.schmidt-bender.hu\/web\/wp-content\/uploads\/2024\/05\/3D-CAD-TERVEZES.png 1920w\" sizes=\"(max-width: 768px) 100vw, 768px\" \/><\/figure><div class=\"elementor-image-box-content\"><h3 class=\"elementor-image-box-title\">3D CAD TERVEZ\u00c9S<\/h3><\/div><\/div>\t\t<\/div>\n\t\t\t\t<\/div>\n\t\t\t\t<\/div>\n\t\t<div class=\"elementor-element elementor-element-52c6c22 e-con-full e-flex e-con e-child\" data-id=\"52c6c22\" data-element_type=\"container\">\n\t\t\t\t<div class=\"elementor-element elementor-element-7487cef elementor-position-top elementor-widget elementor-widget-image-box\" data-id=\"7487cef\" data-element_type=\"widget\" data-widget_type=\"image-box.default\">\n\t\t\t\t<div class=\"elementor-widget-container\">\n\t\t\t<div class=\"elementor-image-box-wrapper\"><figure class=\"elementor-image-box-img\"><img decoding=\"async\" width=\"768\" height=\"368\" data-src=\"https:\/\/new-website.schmidt-bender.hu\/web\/wp-content\/uploads\/2024\/05\/EGYEDI-SZERSZAMGYARTAS-768x368.png\" class=\"attachment-medium_large size-medium_large wp-image-1537 lazyload\" alt=\"\" data-srcset=\"https:\/\/new-website.schmidt-bender.hu\/web\/wp-content\/uploads\/2024\/05\/EGYEDI-SZERSZAMGYARTAS-768x368.png 768w, https:\/\/new-website.schmidt-bender.hu\/web\/wp-content\/uploads\/2024\/05\/EGYEDI-SZERSZAMGYARTAS-300x144.png 300w, https:\/\/new-website.schmidt-bender.hu\/web\/wp-content\/uploads\/2024\/05\/EGYEDI-SZERSZAMGYARTAS-1024x491.png 1024w, https:\/\/new-website.schmidt-bender.hu\/web\/wp-content\/uploads\/2024\/05\/EGYEDI-SZERSZAMGYARTAS-1536x736.png 1536w, https:\/\/new-website.schmidt-bender.hu\/web\/wp-content\/uploads\/2024\/05\/EGYEDI-SZERSZAMGYARTAS.png 1920w\" data-sizes=\"(max-width: 768px) 100vw, 768px\" src=\"data:image\/gif;base64,R0lGODlhAQABAAAAACH5BAEKAAEALAAAAAABAAEAAAICTAEAOw==\" style=\"--smush-placeholder-width: 768px; --smush-placeholder-aspect-ratio: 768\/368;\" \/><noscript><img decoding=\"async\" width=\"768\" height=\"368\" src=\"https:\/\/new-website.schmidt-bender.hu\/web\/wp-content\/uploads\/2024\/05\/EGYEDI-SZERSZAMGYARTAS-768x368.png\" class=\"attachment-medium_large size-medium_large wp-image-1537\" alt=\"\" srcset=\"https:\/\/new-website.schmidt-bender.hu\/web\/wp-content\/uploads\/2024\/05\/EGYEDI-SZERSZAMGYARTAS-768x368.png 768w, https:\/\/new-website.schmidt-bender.hu\/web\/wp-content\/uploads\/2024\/05\/EGYEDI-SZERSZAMGYARTAS-300x144.png 300w, https:\/\/new-website.schmidt-bender.hu\/web\/wp-content\/uploads\/2024\/05\/EGYEDI-SZERSZAMGYARTAS-1024x491.png 1024w, https:\/\/new-website.schmidt-bender.hu\/web\/wp-content\/uploads\/2024\/05\/EGYEDI-SZERSZAMGYARTAS-1536x736.png 1536w, https:\/\/new-website.schmidt-bender.hu\/web\/wp-content\/uploads\/2024\/05\/EGYEDI-SZERSZAMGYARTAS.png 1920w\" sizes=\"(max-width: 768px) 100vw, 768px\" \/><\/noscript><\/figure><div class=\"elementor-image-box-content\"><h3 class=\"elementor-image-box-title\">EGYEDI SZERSZ\u00c1MGY\u00c1RT\u00c1S<\/h3><p class=\"elementor-image-box-description\">\n<\/p><\/div><\/div>\t\t<\/div>\n\t\t\t\t<\/div>\n\t\t\t\t<\/div>\n\t\t\t\t\t<\/div>\n\t\t\t\t<\/div>\n\t\t<div class=\"elementor-element elementor-element-11c704a image-box-img e-flex e-con-boxed e-con e-parent\" data-id=\"11c704a\" data-element_type=\"container\" data-core-v316-plus=\"true\">\n\t\t\t\t\t<div class=\"e-con-inner\">\n\t\t<div class=\"elementor-element elementor-element-57d08ce e-con-full e-flex e-con e-child\" data-id=\"57d08ce\" data-element_type=\"container\">\n\t\t\t\t<div class=\"elementor-element elementor-element-59b96e6 elementor-position-top elementor-widget elementor-widget-image-box\" data-id=\"59b96e6\" data-element_type=\"widget\" data-widget_type=\"image-box.default\">\n\t\t\t\t<div class=\"elementor-widget-container\">\n\t\t\t<div class=\"elementor-image-box-wrapper\"><figure class=\"elementor-image-box-img\"><img decoding=\"async\" width=\"768\" height=\"466\" data-src=\"https:\/\/new-website.schmidt-bender.hu\/web\/wp-content\/uploads\/2024\/10\/OPTIKAI-DESIGN-768x466.jpg\" class=\"attachment-medium_large size-medium_large wp-image-2221 lazyload\" alt=\"\" data-srcset=\"https:\/\/new-website.schmidt-bender.hu\/web\/wp-content\/uploads\/2024\/10\/OPTIKAI-DESIGN-768x466.jpg 768w, https:\/\/new-website.schmidt-bender.hu\/web\/wp-content\/uploads\/2024\/10\/OPTIKAI-DESIGN-300x182.jpg 300w, https:\/\/new-website.schmidt-bender.hu\/web\/wp-content\/uploads\/2024\/10\/OPTIKAI-DESIGN-1024x622.jpg 1024w, https:\/\/new-website.schmidt-bender.hu\/web\/wp-content\/uploads\/2024\/10\/OPTIKAI-DESIGN-1536x933.jpg 1536w, https:\/\/new-website.schmidt-bender.hu\/web\/wp-content\/uploads\/2024\/10\/OPTIKAI-DESIGN-2048x1244.jpg 2048w\" data-sizes=\"(max-width: 768px) 100vw, 768px\" src=\"data:image\/gif;base64,R0lGODlhAQABAAAAACH5BAEKAAEALAAAAAABAAEAAAICTAEAOw==\" style=\"--smush-placeholder-width: 768px; --smush-placeholder-aspect-ratio: 768\/466;\" \/><noscript><img decoding=\"async\" width=\"768\" height=\"466\" src=\"https:\/\/new-website.schmidt-bender.hu\/web\/wp-content\/uploads\/2024\/10\/OPTIKAI-DESIGN-768x466.jpg\" class=\"attachment-medium_large size-medium_large wp-image-2221\" alt=\"\" srcset=\"https:\/\/new-website.schmidt-bender.hu\/web\/wp-content\/uploads\/2024\/10\/OPTIKAI-DESIGN-768x466.jpg 768w, https:\/\/new-website.schmidt-bender.hu\/web\/wp-content\/uploads\/2024\/10\/OPTIKAI-DESIGN-300x182.jpg 300w, https:\/\/new-website.schmidt-bender.hu\/web\/wp-content\/uploads\/2024\/10\/OPTIKAI-DESIGN-1024x622.jpg 1024w, https:\/\/new-website.schmidt-bender.hu\/web\/wp-content\/uploads\/2024\/10\/OPTIKAI-DESIGN-1536x933.jpg 1536w, https:\/\/new-website.schmidt-bender.hu\/web\/wp-content\/uploads\/2024\/10\/OPTIKAI-DESIGN-2048x1244.jpg 2048w\" sizes=\"(max-width: 768px) 100vw, 768px\" \/><\/noscript><\/figure><div class=\"elementor-image-box-content\"><h3 class=\"elementor-image-box-title\">OPTIKAI DESIGN<\/h3><p class=\"elementor-image-box-description\">\n<\/p><\/div><\/div>\t\t<\/div>\n\t\t\t\t<\/div>\n\t\t\t\t<\/div>\n\t\t\t\t\t<\/div>\n\t\t\t\t<\/div>\n\t\t\t\t<\/div>\n\t\t","protected":false},"excerpt":{"rendered":"<p>Optikai rendszerek tervez\u00e9se Rapid prototyping Rugalmas gy\u00e1rt\u00e1s T\u00f6bbnyelv\u0171, kreat\u00edv csapat 3D CAD TERVEZ\u00c9S EGYEDI SZERSZ\u00c1MGY\u00c1RT\u00c1S OPTIKAI DESIGN<\/p>\n","protected":false},"author":3,"featured_media":1136,"parent":63,"menu_order":0,"comment_status":"closed","ping_status":"closed","template":"","meta":{"footnotes":""},"class_list":["post-251","page","type-page","status-publish","has-post-thumbnail","hentry"],"yoast_head":"<!-- This site is optimized with the Yoast SEO Premium plugin v22.5 (Yoast SEO v22.5) - https:\/\/yoast.com\/wordpress\/plugins\/seo\/ -->\n<title>Optikai tervez\u00e9s - Schmidt-Bender Hung\u00e1ria<\/title>\n<meta name=\"robots\" content=\"noindex, follow, max-snippet:-1, max-image-preview:large, max-video-preview:-1\" \/>\n<meta property=\"og:locale\" content=\"hu_HU\" \/>\n<meta property=\"og:type\" content=\"article\" \/>\n<meta property=\"og:title\" content=\"Optikai tervez\u00e9s\" \/>\n<meta property=\"og:description\" content=\"Optikai rendszerek tervez\u00e9se Rapid prototyping Rugalmas gy\u00e1rt\u00e1s T\u00f6bbnyelv\u0171, kreat\u00edv csapat 3D CAD TERVEZ\u00c9S EGYEDI SZERSZ\u00c1MGY\u00c1RT\u00c1S OPTIKAI DESIGN\" \/>\n<meta property=\"og:url\" content=\"https:\/\/new-website.schmidt-bender.hu\/web\/optika\/optikai-tervezes\/\" \/>\n<meta property=\"og:site_name\" content=\"Schmidt-Bender Hung\u00e1ria\" \/>\n<meta property=\"article:modified_time\" content=\"2024-10-14T10:58:57+00:00\" \/>\n<meta property=\"og:image\" content=\"https:\/\/new-website.schmidt-bender.hu\/web\/wp-content\/uploads\/2024\/05\/optika_kiemelt.png\" \/>\n\t<meta property=\"og:image:width\" content=\"973\" \/>\n\t<meta property=\"og:image:height\" content=\"144\" \/>\n\t<meta property=\"og:image:type\" content=\"image\/png\" \/>\n<meta name=\"twitter:card\" content=\"summary_large_image\" \/>\n<meta name=\"twitter:label1\" content=\"Becs\u00fclt olvas\u00e1si id\u0151\" \/>\n\t<meta name=\"twitter:data1\" content=\"1 perc\" \/>\n<script type=\"application\/ld+json\" class=\"yoast-schema-graph\">{\"@context\":\"https:\/\/schema.org\",\"@graph\":[{\"@type\":\"WebPage\",\"@id\":\"https:\/\/new-website.schmidt-bender.hu\/web\/optika\/optikai-tervezes\/\",\"url\":\"https:\/\/new-website.schmidt-bender.hu\/web\/optika\/optikai-tervezes\/\",\"name\":\"Optikai tervez\u00e9s - Schmidt-Bender Hung\u00e1ria\",\"isPartOf\":{\"@id\":\"https:\/\/new-website.schmidt-bender.hu\/web\/#website\"},\"primaryImageOfPage\":{\"@id\":\"https:\/\/new-website.schmidt-bender.hu\/web\/optika\/optikai-tervezes\/#primaryimage\"},\"image\":{\"@id\":\"https:\/\/new-website.schmidt-bender.hu\/web\/optika\/optikai-tervezes\/#primaryimage\"},\"thumbnailUrl\":\"https:\/\/new-website.schmidt-bender.hu\/web\/wp-content\/uploads\/2024\/05\/optika_kiemelt.png\",\"datePublished\":\"2024-03-20T09:07:40+00:00\",\"dateModified\":\"2024-10-14T10:58:57+00:00\",\"breadcrumb\":{\"@id\":\"https:\/\/new-website.schmidt-bender.hu\/web\/optika\/optikai-tervezes\/#breadcrumb\"},\"inLanguage\":\"hu\",\"potentialAction\":[{\"@type\":\"ReadAction\",\"target\":[\"https:\/\/new-website.schmidt-bender.hu\/web\/optika\/optikai-tervezes\/\"]}]},{\"@type\":\"ImageObject\",\"inLanguage\":\"hu\",\"@id\":\"https:\/\/new-website.schmidt-bender.hu\/web\/optika\/optikai-tervezes\/#primaryimage\",\"url\":\"https:\/\/new-website.schmidt-bender.hu\/web\/wp-content\/uploads\/2024\/05\/optika_kiemelt.png\",\"contentUrl\":\"https:\/\/new-website.schmidt-bender.hu\/web\/wp-content\/uploads\/2024\/05\/optika_kiemelt.png\",\"width\":973,\"height\":144,\"caption\":\"Schmidt Bender Hung\u00e1ria Optika\"},{\"@type\":\"BreadcrumbList\",\"@id\":\"https:\/\/new-website.schmidt-bender.hu\/web\/optika\/optikai-tervezes\/#breadcrumb\",\"itemListElement\":[{\"@type\":\"ListItem\",\"position\":1,\"name\":\"Kezd\u0151lap\",\"item\":\"https:\/\/new-website.schmidt-bender.hu\/web\/\"},{\"@type\":\"ListItem\",\"position\":2,\"name\":\"Optika\",\"item\":\"https:\/\/new-website.schmidt-bender.hu\/web\/optika\/\"},{\"@type\":\"ListItem\",\"position\":3,\"name\":\"Optikai tervez\u00e9s\"}]},{\"@type\":\"WebSite\",\"@id\":\"https:\/\/new-website.schmidt-bender.hu\/web\/#website\",\"url\":\"https:\/\/new-website.schmidt-bender.hu\/web\/\",\"name\":\"Schmidt-Bender Hung\u00e1ria\",\"description\":\"C\u00e9lt\u00e1vcs\u00f6vek, optika \u00e9s sz\u00e1loptika\",\"publisher\":{\"@id\":\"https:\/\/new-website.schmidt-bender.hu\/web\/#organization\"},\"potentialAction\":[{\"@type\":\"SearchAction\",\"target\":{\"@type\":\"EntryPoint\",\"urlTemplate\":\"https:\/\/new-website.schmidt-bender.hu\/web\/?s={search_term_string}\"},\"query-input\":\"required name=search_term_string\"}],\"inLanguage\":\"hu\"},{\"@type\":\"Organization\",\"@id\":\"https:\/\/new-website.schmidt-bender.hu\/web\/#organization\",\"name\":\"Schmidt-Bender Hung\u00e1ria\",\"url\":\"https:\/\/new-website.schmidt-bender.hu\/web\/\",\"logo\":{\"@type\":\"ImageObject\",\"inLanguage\":\"hu\",\"@id\":\"https:\/\/new-website.schmidt-bender.hu\/web\/#\/schema\/logo\/image\/\",\"url\":\"https:\/\/new-website.schmidt-bender.hu\/web\/wp-content\/uploads\/2024\/03\/header_logo.png\",\"contentUrl\":\"https:\/\/new-website.schmidt-bender.hu\/web\/wp-content\/uploads\/2024\/03\/header_logo.png\",\"width\":202,\"height\":41,\"caption\":\"Schmidt-Bender Hung\u00e1ria\"},\"image\":{\"@id\":\"https:\/\/new-website.schmidt-bender.hu\/web\/#\/schema\/logo\/image\/\"}}]}<\/script>\n<!-- \/ Yoast SEO Premium plugin. -->","yoast_head_json":{"title":"Optikai tervez\u00e9s - Schmidt-Bender Hung\u00e1ria","robots":{"index":"noindex","follow":"follow","max-snippet":"max-snippet:-1","max-image-preview":"max-image-preview:large","max-video-preview":"max-video-preview:-1"},"og_locale":"hu_HU","og_type":"article","og_title":"Optikai tervez\u00e9s","og_description":"Optikai rendszerek tervez\u00e9se Rapid prototyping Rugalmas gy\u00e1rt\u00e1s T\u00f6bbnyelv\u0171, kreat\u00edv csapat 3D CAD TERVEZ\u00c9S EGYEDI SZERSZ\u00c1MGY\u00c1RT\u00c1S OPTIKAI DESIGN","og_url":"https:\/\/new-website.schmidt-bender.hu\/web\/optika\/optikai-tervezes\/","og_site_name":"Schmidt-Bender Hung\u00e1ria","article_modified_time":"2024-10-14T10:58:57+00:00","og_image":[{"width":973,"height":144,"url":"https:\/\/new-website.schmidt-bender.hu\/web\/wp-content\/uploads\/2024\/05\/optika_kiemelt.png","type":"image\/png"}],"twitter_card":"summary_large_image","twitter_misc":{"Becs\u00fclt olvas\u00e1si id\u0151":"1 perc"},"schema":{"@context":"https:\/\/schema.org","@graph":[{"@type":"WebPage","@id":"https:\/\/new-website.schmidt-bender.hu\/web\/optika\/optikai-tervezes\/","url":"https:\/\/new-website.schmidt-bender.hu\/web\/optika\/optikai-tervezes\/","name":"Optikai tervez\u00e9s - Schmidt-Bender Hung\u00e1ria","isPartOf":{"@id":"https:\/\/new-website.schmidt-bender.hu\/web\/#website"},"primaryImageOfPage":{"@id":"https:\/\/new-website.schmidt-bender.hu\/web\/optika\/optikai-tervezes\/#primaryimage"},"image":{"@id":"https:\/\/new-website.schmidt-bender.hu\/web\/optika\/optikai-tervezes\/#primaryimage"},"thumbnailUrl":"https:\/\/new-website.schmidt-bender.hu\/web\/wp-content\/uploads\/2024\/05\/optika_kiemelt.png","datePublished":"2024-03-20T09:07:40+00:00","dateModified":"2024-10-14T10:58:57+00:00","breadcrumb":{"@id":"https:\/\/new-website.schmidt-bender.hu\/web\/optika\/optikai-tervezes\/#breadcrumb"},"inLanguage":"hu","potentialAction":[{"@type":"ReadAction","target":["https:\/\/new-website.schmidt-bender.hu\/web\/optika\/optikai-tervezes\/"]}]},{"@type":"ImageObject","inLanguage":"hu","@id":"https:\/\/new-website.schmidt-bender.hu\/web\/optika\/optikai-tervezes\/#primaryimage","url":"https:\/\/new-website.schmidt-bender.hu\/web\/wp-content\/uploads\/2024\/05\/optika_kiemelt.png","contentUrl":"https:\/\/new-website.schmidt-bender.hu\/web\/wp-content\/uploads\/2024\/05\/optika_kiemelt.png","width":973,"height":144,"caption":"Schmidt Bender Hung\u00e1ria Optika"},{"@type":"BreadcrumbList","@id":"https:\/\/new-website.schmidt-bender.hu\/web\/optika\/optikai-tervezes\/#breadcrumb","itemListElement":[{"@type":"ListItem","position":1,"name":"Kezd\u0151lap","item":"https:\/\/new-website.schmidt-bender.hu\/web\/"},{"@type":"ListItem","position":2,"name":"Optika","item":"https:\/\/new-website.schmidt-bender.hu\/web\/optika\/"},{"@type":"ListItem","position":3,"name":"Optikai tervez\u00e9s"}]},{"@type":"WebSite","@id":"https:\/\/new-website.schmidt-bender.hu\/web\/#website","url":"https:\/\/new-website.schmidt-bender.hu\/web\/","name":"Schmidt-Bender Hung\u00e1ria","description":"C\u00e9lt\u00e1vcs\u00f6vek, optika \u00e9s sz\u00e1loptika","publisher":{"@id":"https:\/\/new-website.schmidt-bender.hu\/web\/#organization"},"potentialAction":[{"@type":"SearchAction","target":{"@type":"EntryPoint","urlTemplate":"https:\/\/new-website.schmidt-bender.hu\/web\/?s={search_term_string}"},"query-input":"required name=search_term_string"}],"inLanguage":"hu"},{"@type":"Organization","@id":"https:\/\/new-website.schmidt-bender.hu\/web\/#organization","name":"Schmidt-Bender Hung\u00e1ria","url":"https:\/\/new-website.schmidt-bender.hu\/web\/","logo":{"@type":"ImageObject","inLanguage":"hu","@id":"https:\/\/new-website.schmidt-bender.hu\/web\/#\/schema\/logo\/image\/","url":"https:\/\/new-website.schmidt-bender.hu\/web\/wp-content\/uploads\/2024\/03\/header_logo.png","contentUrl":"https:\/\/new-website.schmidt-bender.hu\/web\/wp-content\/uploads\/2024\/03\/header_logo.png","width":202,"height":41,"caption":"Schmidt-Bender Hung\u00e1ria"},"image":{"@id":"https:\/\/new-website.schmidt-bender.hu\/web\/#\/schema\/logo\/image\/"}}]}},"_links":{"self":[{"href":"https:\/\/new-website.schmidt-bender.hu\/web\/wp-json\/wp\/v2\/pages\/251","targetHints":{"allow":["GET"]}}],"collection":[{"href":"https:\/\/new-website.schmidt-bender.hu\/web\/wp-json\/wp\/v2\/pages"}],"about":[{"href":"https:\/\/new-website.schmidt-bender.hu\/web\/wp-json\/wp\/v2\/types\/page"}],"author":[{"embeddable":true,"href":"https:\/\/new-website.schmidt-bender.hu\/web\/wp-json\/wp\/v2\/users\/3"}],"replies":[{"embeddable":true,"href":"https:\/\/new-website.schmidt-bender.hu\/web\/wp-json\/wp\/v2\/comments?post=251"}],"version-history":[{"count":17,"href":"https:\/\/new-website.schmidt-bender.hu\/web\/wp-json\/wp\/v2\/pages\/251\/revisions"}],"predecessor-version":[{"id":2580,"href":"https:\/\/new-website.schmidt-bender.hu\/web\/wp-json\/wp\/v2\/pages\/251\/revisions\/2580"}],"up":[{"embeddable":true,"href":"https:\/\/new-website.schmidt-bender.hu\/web\/wp-json\/wp\/v2\/pages\/63"}],"wp:featuredmedia":[{"embeddable":true,"href":"https:\/\/new-website.schmidt-bender.hu\/web\/wp-json\/wp\/v2\/media\/1136"}],"wp:attachment":[{"href":"https:\/\/new-website.schmidt-bender.hu\/web\/wp-json\/wp\/v2\/media?parent=251"}],"curies":[{"name":"wp","href":"https:\/\/api.w.org\/{rel}","templated":true}]}}