{"id":246,"date":"2024-03-20T09:06:14","date_gmt":"2024-03-20T09:06:14","guid":{"rendered":"https:\/\/new-website.schmidt-bender.hu\/web\/?page_id=246"},"modified":"2025-01-29T14:14:36","modified_gmt":"2025-01-29T14:14:36","slug":"felgombok","status":"publish","type":"page","link":"https:\/\/new-website.schmidt-bender.hu\/web\/optika\/felgombok\/","title":{"rendered":"F\u00e9lg\u00f6mb\u00f6k"},"content":{"rendered":"\t\t<div data-elementor-type=\"wp-page\" data-elementor-id=\"246\" class=\"elementor elementor-246\" data-elementor-post-type=\"page\">\n\t\t\t\t<div class=\"elementor-element elementor-element-7ab6930 e-flex e-con-boxed e-con e-parent\" data-id=\"7ab6930\" data-element_type=\"container\" data-core-v316-plus=\"true\">\n\t\t\t\t\t<div class=\"e-con-inner\">\n\t\t<div class=\"elementor-element elementor-element-99b0cb5 e-con-full e-flex e-con e-child\" data-id=\"99b0cb5\" data-element_type=\"container\">\n\t\t\t\t<div class=\"elementor-element elementor-element-40f3ec8 elementor-widget elementor-widget-text-editor\" data-id=\"40f3ec8\" data-element_type=\"widget\" data-widget_type=\"text-editor.default\">\n\t\t\t\t<div class=\"elementor-widget-container\">\n\t\t\t<style>\/*! elementor - v3.20.0 - 20-03-2024 *\/\n.elementor-widget-text-editor.elementor-drop-cap-view-stacked .elementor-drop-cap{background-color:#69727d;color:#fff}.elementor-widget-text-editor.elementor-drop-cap-view-framed .elementor-drop-cap{color:#69727d;border:3px solid;background-color:transparent}.elementor-widget-text-editor:not(.elementor-drop-cap-view-default) .elementor-drop-cap{margin-top:8px}.elementor-widget-text-editor:not(.elementor-drop-cap-view-default) .elementor-drop-cap-letter{width:1em;height:1em}.elementor-widget-text-editor .elementor-drop-cap{float:left;text-align:center;line-height:1;font-size:50px}.elementor-widget-text-editor .elementor-drop-cap-letter{display:inline-block}<\/style>\t\t\t\t<ul><li>A Schmidt &amp; Bender Eur\u00f3pa vezet\u0151 f\u00e9lg\u00f6mb optika gy\u00e1rt\u00f3ja.<\/li><li>A felhaszn\u00e1lt anyagok: optikai \u00fcveg, fused silica \u00e9s szil\u00edcium.<\/li><li>Hossz\u00fat\u00e1v\u00fa tapasztalatainkb\u00f3l ad\u00f3d\u00f3an a Schmidt &amp; Bender a legink\u00e1bb kompetens \u00e9s legt\u00f6bb ismerettel rendelkez\u0151 c\u00e9g a f\u00e9lg\u00f6mb optik\u00e1k megfizethet\u0151 gy\u00e1rt\u00e1s\u00e1ban. A k\u00f6nny\u0171 \u00e1t\u00e1ll\u00e1snak k\u00f6sz\u00f6nhet\u0151en r\u00f6vid hat\u00e1rid\u0151vel dolgozunk.<\/li><li>Vil\u00e1gszerte ismert referenci\u00e1k.<\/li><li>\u00a0<\/li><\/ul>\t\t\t\t\t\t<\/div>\n\t\t\t\t<\/div>\n\t\t\t\t<\/div>\n\t\t\t\t\t<\/div>\n\t\t\t\t<\/div>\n\t\t<div class=\"elementor-element elementor-element-22b18fc image-box-img e-flex e-con-boxed e-con e-parent\" data-id=\"22b18fc\" data-element_type=\"container\" data-core-v316-plus=\"true\">\n\t\t\t\t\t<div class=\"e-con-inner\">\n\t\t<div class=\"elementor-element elementor-element-0b42444 e-con-full e-flex e-con e-child\" data-id=\"0b42444\" data-element_type=\"container\">\n\t\t\t\t<div class=\"elementor-element elementor-element-b09e553 elementor-position-top elementor-widget elementor-widget-image-box\" data-id=\"b09e553\" data-element_type=\"widget\" data-widget_type=\"image-box.default\">\n\t\t\t\t<div class=\"elementor-widget-container\">\n\t\t\t<style>\/*! elementor - v3.20.0 - 20-03-2024 *\/\n.elementor-widget-image-box .elementor-image-box-content{width:100%}@media (min-width:768px){.elementor-widget-image-box.elementor-position-left .elementor-image-box-wrapper,.elementor-widget-image-box.elementor-position-right .elementor-image-box-wrapper{display:flex}.elementor-widget-image-box.elementor-position-right .elementor-image-box-wrapper{text-align:right;flex-direction:row-reverse}.elementor-widget-image-box.elementor-position-left .elementor-image-box-wrapper{text-align:left;flex-direction:row}.elementor-widget-image-box.elementor-position-top .elementor-image-box-img{margin:auto}.elementor-widget-image-box.elementor-vertical-align-top .elementor-image-box-wrapper{align-items:flex-start}.elementor-widget-image-box.elementor-vertical-align-middle .elementor-image-box-wrapper{align-items:center}.elementor-widget-image-box.elementor-vertical-align-bottom .elementor-image-box-wrapper{align-items:flex-end}}@media (max-width:767px){.elementor-widget-image-box .elementor-image-box-img{margin-left:auto!important;margin-right:auto!important;margin-bottom:15px}}.elementor-widget-image-box .elementor-image-box-img{display:inline-block}.elementor-widget-image-box .elementor-image-box-title a{color:inherit}.elementor-widget-image-box .elementor-image-box-wrapper{text-align:center}.elementor-widget-image-box .elementor-image-box-description{margin:0}<\/style><div class=\"elementor-image-box-wrapper\"><figure class=\"elementor-image-box-img\"><img fetchpriority=\"high\" decoding=\"async\" width=\"768\" height=\"512\" src=\"https:\/\/new-website.schmidt-bender.hu\/web\/wp-content\/uploads\/2024\/10\/FELGOMB-OPTIKAK-HEMISPHERE-OPTICS-768x512.jpg\" class=\"attachment-medium_large size-medium_large wp-image-2151\" alt=\"\" srcset=\"https:\/\/new-website.schmidt-bender.hu\/web\/wp-content\/uploads\/2024\/10\/FELGOMB-OPTIKAK-HEMISPHERE-OPTICS-768x512.jpg 768w, https:\/\/new-website.schmidt-bender.hu\/web\/wp-content\/uploads\/2024\/10\/FELGOMB-OPTIKAK-HEMISPHERE-OPTICS-300x200.jpg 300w, https:\/\/new-website.schmidt-bender.hu\/web\/wp-content\/uploads\/2024\/10\/FELGOMB-OPTIKAK-HEMISPHERE-OPTICS-1024x683.jpg 1024w, https:\/\/new-website.schmidt-bender.hu\/web\/wp-content\/uploads\/2024\/10\/FELGOMB-OPTIKAK-HEMISPHERE-OPTICS-1536x1024.jpg 1536w, https:\/\/new-website.schmidt-bender.hu\/web\/wp-content\/uploads\/2024\/10\/FELGOMB-OPTIKAK-HEMISPHERE-OPTICS-2048x1365.jpg 2048w\" sizes=\"(max-width: 768px) 100vw, 768px\" \/><\/figure><div class=\"elementor-image-box-content\"><h3 class=\"elementor-image-box-title\">F\u00c9LG\u00d6MB OPTIK\u00c1K<\/h3><\/div><\/div>\t\t<\/div>\n\t\t\t\t<\/div>\n\t\t\t\t<\/div>\n\t\t<div class=\"elementor-element elementor-element-58e17dc e-con-full e-flex e-con e-child\" data-id=\"58e17dc\" data-element_type=\"container\">\n\t\t\t\t<div class=\"elementor-element elementor-element-66fb3f1 elementor-position-top elementor-widget elementor-widget-image-box\" data-id=\"66fb3f1\" data-element_type=\"widget\" data-widget_type=\"image-box.default\">\n\t\t\t\t<div class=\"elementor-widget-container\">\n\t\t\t<div class=\"elementor-image-box-wrapper\"><figure class=\"elementor-image-box-img\"><img decoding=\"async\" width=\"768\" height=\"512\" data-src=\"https:\/\/new-website.schmidt-bender.hu\/web\/wp-content\/uploads\/2024\/05\/KLASSZIKUS-POLIROZAS-1-768x512.png\" class=\"attachment-medium_large size-medium_large wp-image-1478 lazyload\" alt=\"\" data-srcset=\"https:\/\/new-website.schmidt-bender.hu\/web\/wp-content\/uploads\/2024\/05\/KLASSZIKUS-POLIROZAS-1-768x512.png 768w, https:\/\/new-website.schmidt-bender.hu\/web\/wp-content\/uploads\/2024\/05\/KLASSZIKUS-POLIROZAS-1-300x200.png 300w, https:\/\/new-website.schmidt-bender.hu\/web\/wp-content\/uploads\/2024\/05\/KLASSZIKUS-POLIROZAS-1-1024x683.png 1024w, https:\/\/new-website.schmidt-bender.hu\/web\/wp-content\/uploads\/2024\/05\/KLASSZIKUS-POLIROZAS-1-1536x1024.png 1536w, https:\/\/new-website.schmidt-bender.hu\/web\/wp-content\/uploads\/2024\/05\/KLASSZIKUS-POLIROZAS-1.png 1920w\" data-sizes=\"(max-width: 768px) 100vw, 768px\" src=\"data:image\/gif;base64,R0lGODlhAQABAAAAACH5BAEKAAEALAAAAAABAAEAAAICTAEAOw==\" style=\"--smush-placeholder-width: 768px; --smush-placeholder-aspect-ratio: 768\/512;\" \/><noscript><img decoding=\"async\" width=\"768\" height=\"512\" src=\"https:\/\/new-website.schmidt-bender.hu\/web\/wp-content\/uploads\/2024\/05\/KLASSZIKUS-POLIROZAS-1-768x512.png\" class=\"attachment-medium_large size-medium_large wp-image-1478\" alt=\"\" srcset=\"https:\/\/new-website.schmidt-bender.hu\/web\/wp-content\/uploads\/2024\/05\/KLASSZIKUS-POLIROZAS-1-768x512.png 768w, https:\/\/new-website.schmidt-bender.hu\/web\/wp-content\/uploads\/2024\/05\/KLASSZIKUS-POLIROZAS-1-300x200.png 300w, https:\/\/new-website.schmidt-bender.hu\/web\/wp-content\/uploads\/2024\/05\/KLASSZIKUS-POLIROZAS-1-1024x683.png 1024w, https:\/\/new-website.schmidt-bender.hu\/web\/wp-content\/uploads\/2024\/05\/KLASSZIKUS-POLIROZAS-1-1536x1024.png 1536w, https:\/\/new-website.schmidt-bender.hu\/web\/wp-content\/uploads\/2024\/05\/KLASSZIKUS-POLIROZAS-1.png 1920w\" sizes=\"(max-width: 768px) 100vw, 768px\" \/><\/noscript><\/figure><div class=\"elementor-image-box-content\"><h3 class=\"elementor-image-box-title\">KLASSZIKUS POL\u00cdROZ\u00c1S<\/h3><p class=\"elementor-image-box-description\">\n<\/p><\/div><\/div>\t\t<\/div>\n\t\t\t\t<\/div>\n\t\t\t\t<\/div>\n\t\t<div class=\"elementor-element elementor-element-8ca99b6 e-con-full e-flex e-con e-child\" data-id=\"8ca99b6\" data-element_type=\"container\">\n\t\t\t\t<div class=\"elementor-element elementor-element-15fd9bf elementor-position-top elementor-widget elementor-widget-image-box\" data-id=\"15fd9bf\" data-element_type=\"widget\" data-widget_type=\"image-box.default\">\n\t\t\t\t<div class=\"elementor-widget-container\">\n\t\t\t<div class=\"elementor-image-box-wrapper\"><figure class=\"elementor-image-box-img\"><img decoding=\"async\" width=\"768\" height=\"474\" data-src=\"https:\/\/new-website.schmidt-bender.hu\/web\/wp-content\/uploads\/2024\/05\/MERET-ES-PARHUZAM-ELLENORZES-1-768x474.png\" class=\"attachment-medium_large size-medium_large wp-image-1480 lazyload\" alt=\"\" data-srcset=\"https:\/\/new-website.schmidt-bender.hu\/web\/wp-content\/uploads\/2024\/05\/MERET-ES-PARHUZAM-ELLENORZES-1-768x474.png 768w, https:\/\/new-website.schmidt-bender.hu\/web\/wp-content\/uploads\/2024\/05\/MERET-ES-PARHUZAM-ELLENORZES-1-300x185.png 300w, https:\/\/new-website.schmidt-bender.hu\/web\/wp-content\/uploads\/2024\/05\/MERET-ES-PARHUZAM-ELLENORZES-1-1024x631.png 1024w, https:\/\/new-website.schmidt-bender.hu\/web\/wp-content\/uploads\/2024\/05\/MERET-ES-PARHUZAM-ELLENORZES-1-1536x947.png 1536w, https:\/\/new-website.schmidt-bender.hu\/web\/wp-content\/uploads\/2024\/05\/MERET-ES-PARHUZAM-ELLENORZES-1.png 1920w\" data-sizes=\"(max-width: 768px) 100vw, 768px\" src=\"data:image\/gif;base64,R0lGODlhAQABAAAAACH5BAEKAAEALAAAAAABAAEAAAICTAEAOw==\" style=\"--smush-placeholder-width: 768px; --smush-placeholder-aspect-ratio: 768\/474;\" \/><noscript><img decoding=\"async\" width=\"768\" height=\"474\" src=\"https:\/\/new-website.schmidt-bender.hu\/web\/wp-content\/uploads\/2024\/05\/MERET-ES-PARHUZAM-ELLENORZES-1-768x474.png\" class=\"attachment-medium_large size-medium_large wp-image-1480\" alt=\"\" srcset=\"https:\/\/new-website.schmidt-bender.hu\/web\/wp-content\/uploads\/2024\/05\/MERET-ES-PARHUZAM-ELLENORZES-1-768x474.png 768w, https:\/\/new-website.schmidt-bender.hu\/web\/wp-content\/uploads\/2024\/05\/MERET-ES-PARHUZAM-ELLENORZES-1-300x185.png 300w, https:\/\/new-website.schmidt-bender.hu\/web\/wp-content\/uploads\/2024\/05\/MERET-ES-PARHUZAM-ELLENORZES-1-1024x631.png 1024w, https:\/\/new-website.schmidt-bender.hu\/web\/wp-content\/uploads\/2024\/05\/MERET-ES-PARHUZAM-ELLENORZES-1-1536x947.png 1536w, https:\/\/new-website.schmidt-bender.hu\/web\/wp-content\/uploads\/2024\/05\/MERET-ES-PARHUZAM-ELLENORZES-1.png 1920w\" sizes=\"(max-width: 768px) 100vw, 768px\" \/><\/noscript><\/figure><div class=\"elementor-image-box-content\"><h3 class=\"elementor-image-box-title\">M\u00c9RET \u00c9S P\u00c1RHUZAM ELLEN\u0150RZ\u00c9S<\/h3><p class=\"elementor-image-box-description\">\n<\/p><\/div><\/div>\t\t<\/div>\n\t\t\t\t<\/div>\n\t\t\t\t<\/div>\n\t\t<div class=\"elementor-element elementor-element-83e63e3 e-con-full e-flex e-con e-child\" data-id=\"83e63e3\" data-element_type=\"container\">\n\t\t\t\t<div class=\"elementor-element elementor-element-a6fda86 elementor-position-top elementor-widget elementor-widget-image-box\" data-id=\"a6fda86\" data-element_type=\"widget\" data-widget_type=\"image-box.default\">\n\t\t\t\t<div class=\"elementor-widget-container\">\n\t\t\t<div class=\"elementor-image-box-wrapper\"><figure class=\"elementor-image-box-img\"><img loading=\"lazy\" decoding=\"async\" width=\"768\" height=\"512\" data-src=\"https:\/\/new-website.schmidt-bender.hu\/web\/wp-content\/uploads\/2024\/05\/PRECIZIOS-CNC-MARAS-1-768x512.png\" class=\"attachment-medium_large size-medium_large wp-image-1482 lazyload\" alt=\"\" data-srcset=\"https:\/\/new-website.schmidt-bender.hu\/web\/wp-content\/uploads\/2024\/05\/PRECIZIOS-CNC-MARAS-1-768x512.png 768w, https:\/\/new-website.schmidt-bender.hu\/web\/wp-content\/uploads\/2024\/05\/PRECIZIOS-CNC-MARAS-1-300x200.png 300w, https:\/\/new-website.schmidt-bender.hu\/web\/wp-content\/uploads\/2024\/05\/PRECIZIOS-CNC-MARAS-1-1024x683.png 1024w, https:\/\/new-website.schmidt-bender.hu\/web\/wp-content\/uploads\/2024\/05\/PRECIZIOS-CNC-MARAS-1-1536x1024.png 1536w, https:\/\/new-website.schmidt-bender.hu\/web\/wp-content\/uploads\/2024\/05\/PRECIZIOS-CNC-MARAS-1.png 1920w\" data-sizes=\"(max-width: 768px) 100vw, 768px\" src=\"data:image\/gif;base64,R0lGODlhAQABAAAAACH5BAEKAAEALAAAAAABAAEAAAICTAEAOw==\" style=\"--smush-placeholder-width: 768px; --smush-placeholder-aspect-ratio: 768\/512;\" \/><noscript><img loading=\"lazy\" decoding=\"async\" width=\"768\" height=\"512\" src=\"https:\/\/new-website.schmidt-bender.hu\/web\/wp-content\/uploads\/2024\/05\/PRECIZIOS-CNC-MARAS-1-768x512.png\" class=\"attachment-medium_large size-medium_large wp-image-1482\" alt=\"\" srcset=\"https:\/\/new-website.schmidt-bender.hu\/web\/wp-content\/uploads\/2024\/05\/PRECIZIOS-CNC-MARAS-1-768x512.png 768w, https:\/\/new-website.schmidt-bender.hu\/web\/wp-content\/uploads\/2024\/05\/PRECIZIOS-CNC-MARAS-1-300x200.png 300w, https:\/\/new-website.schmidt-bender.hu\/web\/wp-content\/uploads\/2024\/05\/PRECIZIOS-CNC-MARAS-1-1024x683.png 1024w, https:\/\/new-website.schmidt-bender.hu\/web\/wp-content\/uploads\/2024\/05\/PRECIZIOS-CNC-MARAS-1-1536x1024.png 1536w, https:\/\/new-website.schmidt-bender.hu\/web\/wp-content\/uploads\/2024\/05\/PRECIZIOS-CNC-MARAS-1.png 1920w\" sizes=\"(max-width: 768px) 100vw, 768px\" \/><\/noscript><\/figure><div class=\"elementor-image-box-content\"><h3 class=\"elementor-image-box-title\">PREC\u00cdZI\u00d3S CNC MAR\u00c1S<\/h3><p class=\"elementor-image-box-description\">\n<\/p><\/div><\/div>\t\t<\/div>\n\t\t\t\t<\/div>\n\t\t\t\t<\/div>\n\t\t\t\t\t<\/div>\n\t\t\t\t<\/div>\n\t\t\t\t<\/div>\n\t\t","protected":false},"excerpt":{"rendered":"<p>A Schmidt &amp; Bender Eur\u00f3pa vezet\u0151 f\u00e9lg\u00f6mb optika gy\u00e1rt\u00f3ja. A felhaszn\u00e1lt anyagok: optikai \u00fcveg, fused silica \u00e9s szil\u00edcium. Hossz\u00fat\u00e1v\u00fa tapasztalatainkb\u00f3l ad\u00f3d\u00f3an a Schmidt &amp; Bender a legink\u00e1bb kompetens \u00e9s legt\u00f6bb ismerettel rendelkez\u0151 c\u00e9g a f\u00e9lg\u00f6mb optik\u00e1k megfizethet\u0151 gy\u00e1rt\u00e1s\u00e1ban. A k\u00f6nny\u0171 \u00e1t\u00e1ll\u00e1snak k\u00f6sz\u00f6nhet\u0151en r\u00f6vid hat\u00e1rid\u0151vel dolgozunk. Vil\u00e1gszerte ismert referenci\u00e1k. \u00a0 F\u00c9LG\u00d6MB OPTIK\u00c1K KLASSZIKUS POL\u00cdROZ\u00c1S M\u00c9RET \u00c9S [&hellip;]<\/p>\n","protected":false},"author":3,"featured_media":1136,"parent":63,"menu_order":0,"comment_status":"closed","ping_status":"closed","template":"","meta":{"footnotes":""},"class_list":["post-246","page","type-page","status-publish","has-post-thumbnail","hentry"],"yoast_head":"<!-- This site is optimized with the Yoast SEO Premium plugin v22.5 (Yoast SEO v22.5) - https:\/\/yoast.com\/wordpress\/plugins\/seo\/ -->\n<title>F\u00e9lg\u00f6mb\u00f6k - Schmidt-Bender Hung\u00e1ria<\/title>\n<meta name=\"robots\" content=\"noindex, follow, max-snippet:-1, max-image-preview:large, max-video-preview:-1\" \/>\n<meta property=\"og:locale\" content=\"hu_HU\" \/>\n<meta property=\"og:type\" content=\"article\" \/>\n<meta property=\"og:title\" content=\"F\u00e9lg\u00f6mb\u00f6k\" \/>\n<meta property=\"og:description\" content=\"A Schmidt &amp; Bender Eur\u00f3pa vezet\u0151 f\u00e9lg\u00f6mb optika gy\u00e1rt\u00f3ja. A felhaszn\u00e1lt anyagok: optikai \u00fcveg, fused silica \u00e9s szil\u00edcium. Hossz\u00fat\u00e1v\u00fa tapasztalatainkb\u00f3l ad\u00f3d\u00f3an a Schmidt &amp; Bender a legink\u00e1bb kompetens \u00e9s legt\u00f6bb ismerettel rendelkez\u0151 c\u00e9g a f\u00e9lg\u00f6mb optik\u00e1k megfizethet\u0151 gy\u00e1rt\u00e1s\u00e1ban. A k\u00f6nny\u0171 \u00e1t\u00e1ll\u00e1snak k\u00f6sz\u00f6nhet\u0151en r\u00f6vid hat\u00e1rid\u0151vel dolgozunk. Vil\u00e1gszerte ismert referenci\u00e1k. \u00a0 F\u00c9LG\u00d6MB OPTIK\u00c1K KLASSZIKUS POL\u00cdROZ\u00c1S M\u00c9RET \u00c9S [&hellip;]\" \/>\n<meta property=\"og:url\" content=\"https:\/\/new-website.schmidt-bender.hu\/web\/optika\/felgombok\/\" \/>\n<meta property=\"og:site_name\" content=\"Schmidt-Bender Hung\u00e1ria\" \/>\n<meta property=\"article:modified_time\" content=\"2025-01-29T14:14:36+00:00\" \/>\n<meta property=\"og:image\" content=\"https:\/\/new-website.schmidt-bender.hu\/web\/wp-content\/uploads\/2024\/05\/optika_kiemelt.png\" \/>\n\t<meta property=\"og:image:width\" content=\"973\" \/>\n\t<meta property=\"og:image:height\" content=\"144\" \/>\n\t<meta property=\"og:image:type\" content=\"image\/png\" \/>\n<meta name=\"twitter:card\" content=\"summary_large_image\" \/>\n<meta name=\"twitter:label1\" content=\"Becs\u00fclt olvas\u00e1si id\u0151\" \/>\n\t<meta name=\"twitter:data1\" content=\"2 perc\" \/>\n<script type=\"application\/ld+json\" class=\"yoast-schema-graph\">{\"@context\":\"https:\/\/schema.org\",\"@graph\":[{\"@type\":\"WebPage\",\"@id\":\"https:\/\/new-website.schmidt-bender.hu\/web\/optika\/felgombok\/\",\"url\":\"https:\/\/new-website.schmidt-bender.hu\/web\/optika\/felgombok\/\",\"name\":\"F\u00e9lg\u00f6mb\u00f6k - Schmidt-Bender Hung\u00e1ria\",\"isPartOf\":{\"@id\":\"https:\/\/new-website.schmidt-bender.hu\/web\/#website\"},\"primaryImageOfPage\":{\"@id\":\"https:\/\/new-website.schmidt-bender.hu\/web\/optika\/felgombok\/#primaryimage\"},\"image\":{\"@id\":\"https:\/\/new-website.schmidt-bender.hu\/web\/optika\/felgombok\/#primaryimage\"},\"thumbnailUrl\":\"https:\/\/new-website.schmidt-bender.hu\/web\/wp-content\/uploads\/2024\/05\/optika_kiemelt.png\",\"datePublished\":\"2024-03-20T09:06:14+00:00\",\"dateModified\":\"2025-01-29T14:14:36+00:00\",\"breadcrumb\":{\"@id\":\"https:\/\/new-website.schmidt-bender.hu\/web\/optika\/felgombok\/#breadcrumb\"},\"inLanguage\":\"hu\",\"potentialAction\":[{\"@type\":\"ReadAction\",\"target\":[\"https:\/\/new-website.schmidt-bender.hu\/web\/optika\/felgombok\/\"]}]},{\"@type\":\"ImageObject\",\"inLanguage\":\"hu\",\"@id\":\"https:\/\/new-website.schmidt-bender.hu\/web\/optika\/felgombok\/#primaryimage\",\"url\":\"https:\/\/new-website.schmidt-bender.hu\/web\/wp-content\/uploads\/2024\/05\/optika_kiemelt.png\",\"contentUrl\":\"https:\/\/new-website.schmidt-bender.hu\/web\/wp-content\/uploads\/2024\/05\/optika_kiemelt.png\",\"width\":973,\"height\":144,\"caption\":\"Schmidt Bender Hung\u00e1ria Optika\"},{\"@type\":\"BreadcrumbList\",\"@id\":\"https:\/\/new-website.schmidt-bender.hu\/web\/optika\/felgombok\/#breadcrumb\",\"itemListElement\":[{\"@type\":\"ListItem\",\"position\":1,\"name\":\"Kezd\u0151lap\",\"item\":\"https:\/\/new-website.schmidt-bender.hu\/web\/\"},{\"@type\":\"ListItem\",\"position\":2,\"name\":\"Optika\",\"item\":\"https:\/\/new-website.schmidt-bender.hu\/web\/optika\/\"},{\"@type\":\"ListItem\",\"position\":3,\"name\":\"F\u00e9lg\u00f6mb\u00f6k\"}]},{\"@type\":\"WebSite\",\"@id\":\"https:\/\/new-website.schmidt-bender.hu\/web\/#website\",\"url\":\"https:\/\/new-website.schmidt-bender.hu\/web\/\",\"name\":\"Schmidt-Bender Hung\u00e1ria\",\"description\":\"C\u00e9lt\u00e1vcs\u00f6vek, optika \u00e9s sz\u00e1loptika\",\"publisher\":{\"@id\":\"https:\/\/new-website.schmidt-bender.hu\/web\/#organization\"},\"potentialAction\":[{\"@type\":\"SearchAction\",\"target\":{\"@type\":\"EntryPoint\",\"urlTemplate\":\"https:\/\/new-website.schmidt-bender.hu\/web\/?s={search_term_string}\"},\"query-input\":\"required name=search_term_string\"}],\"inLanguage\":\"hu\"},{\"@type\":\"Organization\",\"@id\":\"https:\/\/new-website.schmidt-bender.hu\/web\/#organization\",\"name\":\"Schmidt-Bender Hung\u00e1ria\",\"url\":\"https:\/\/new-website.schmidt-bender.hu\/web\/\",\"logo\":{\"@type\":\"ImageObject\",\"inLanguage\":\"hu\",\"@id\":\"https:\/\/new-website.schmidt-bender.hu\/web\/#\/schema\/logo\/image\/\",\"url\":\"https:\/\/new-website.schmidt-bender.hu\/web\/wp-content\/uploads\/2024\/03\/header_logo.png\",\"contentUrl\":\"https:\/\/new-website.schmidt-bender.hu\/web\/wp-content\/uploads\/2024\/03\/header_logo.png\",\"width\":202,\"height\":41,\"caption\":\"Schmidt-Bender Hung\u00e1ria\"},\"image\":{\"@id\":\"https:\/\/new-website.schmidt-bender.hu\/web\/#\/schema\/logo\/image\/\"}}]}<\/script>\n<!-- \/ Yoast SEO Premium plugin. -->","yoast_head_json":{"title":"F\u00e9lg\u00f6mb\u00f6k - Schmidt-Bender Hung\u00e1ria","robots":{"index":"noindex","follow":"follow","max-snippet":"max-snippet:-1","max-image-preview":"max-image-preview:large","max-video-preview":"max-video-preview:-1"},"og_locale":"hu_HU","og_type":"article","og_title":"F\u00e9lg\u00f6mb\u00f6k","og_description":"A Schmidt &amp; Bender Eur\u00f3pa vezet\u0151 f\u00e9lg\u00f6mb optika gy\u00e1rt\u00f3ja. A felhaszn\u00e1lt anyagok: optikai \u00fcveg, fused silica \u00e9s szil\u00edcium. Hossz\u00fat\u00e1v\u00fa tapasztalatainkb\u00f3l ad\u00f3d\u00f3an a Schmidt &amp; Bender a legink\u00e1bb kompetens \u00e9s legt\u00f6bb ismerettel rendelkez\u0151 c\u00e9g a f\u00e9lg\u00f6mb optik\u00e1k megfizethet\u0151 gy\u00e1rt\u00e1s\u00e1ban. A k\u00f6nny\u0171 \u00e1t\u00e1ll\u00e1snak k\u00f6sz\u00f6nhet\u0151en r\u00f6vid hat\u00e1rid\u0151vel dolgozunk. Vil\u00e1gszerte ismert referenci\u00e1k. \u00a0 F\u00c9LG\u00d6MB OPTIK\u00c1K KLASSZIKUS POL\u00cdROZ\u00c1S M\u00c9RET \u00c9S [&hellip;]","og_url":"https:\/\/new-website.schmidt-bender.hu\/web\/optika\/felgombok\/","og_site_name":"Schmidt-Bender Hung\u00e1ria","article_modified_time":"2025-01-29T14:14:36+00:00","og_image":[{"width":973,"height":144,"url":"https:\/\/new-website.schmidt-bender.hu\/web\/wp-content\/uploads\/2024\/05\/optika_kiemelt.png","type":"image\/png"}],"twitter_card":"summary_large_image","twitter_misc":{"Becs\u00fclt olvas\u00e1si id\u0151":"2 perc"},"schema":{"@context":"https:\/\/schema.org","@graph":[{"@type":"WebPage","@id":"https:\/\/new-website.schmidt-bender.hu\/web\/optika\/felgombok\/","url":"https:\/\/new-website.schmidt-bender.hu\/web\/optika\/felgombok\/","name":"F\u00e9lg\u00f6mb\u00f6k - Schmidt-Bender Hung\u00e1ria","isPartOf":{"@id":"https:\/\/new-website.schmidt-bender.hu\/web\/#website"},"primaryImageOfPage":{"@id":"https:\/\/new-website.schmidt-bender.hu\/web\/optika\/felgombok\/#primaryimage"},"image":{"@id":"https:\/\/new-website.schmidt-bender.hu\/web\/optika\/felgombok\/#primaryimage"},"thumbnailUrl":"https:\/\/new-website.schmidt-bender.hu\/web\/wp-content\/uploads\/2024\/05\/optika_kiemelt.png","datePublished":"2024-03-20T09:06:14+00:00","dateModified":"2025-01-29T14:14:36+00:00","breadcrumb":{"@id":"https:\/\/new-website.schmidt-bender.hu\/web\/optika\/felgombok\/#breadcrumb"},"inLanguage":"hu","potentialAction":[{"@type":"ReadAction","target":["https:\/\/new-website.schmidt-bender.hu\/web\/optika\/felgombok\/"]}]},{"@type":"ImageObject","inLanguage":"hu","@id":"https:\/\/new-website.schmidt-bender.hu\/web\/optika\/felgombok\/#primaryimage","url":"https:\/\/new-website.schmidt-bender.hu\/web\/wp-content\/uploads\/2024\/05\/optika_kiemelt.png","contentUrl":"https:\/\/new-website.schmidt-bender.hu\/web\/wp-content\/uploads\/2024\/05\/optika_kiemelt.png","width":973,"height":144,"caption":"Schmidt Bender Hung\u00e1ria Optika"},{"@type":"BreadcrumbList","@id":"https:\/\/new-website.schmidt-bender.hu\/web\/optika\/felgombok\/#breadcrumb","itemListElement":[{"@type":"ListItem","position":1,"name":"Kezd\u0151lap","item":"https:\/\/new-website.schmidt-bender.hu\/web\/"},{"@type":"ListItem","position":2,"name":"Optika","item":"https:\/\/new-website.schmidt-bender.hu\/web\/optika\/"},{"@type":"ListItem","position":3,"name":"F\u00e9lg\u00f6mb\u00f6k"}]},{"@type":"WebSite","@id":"https:\/\/new-website.schmidt-bender.hu\/web\/#website","url":"https:\/\/new-website.schmidt-bender.hu\/web\/","name":"Schmidt-Bender Hung\u00e1ria","description":"C\u00e9lt\u00e1vcs\u00f6vek, optika \u00e9s sz\u00e1loptika","publisher":{"@id":"https:\/\/new-website.schmidt-bender.hu\/web\/#organization"},"potentialAction":[{"@type":"SearchAction","target":{"@type":"EntryPoint","urlTemplate":"https:\/\/new-website.schmidt-bender.hu\/web\/?s={search_term_string}"},"query-input":"required name=search_term_string"}],"inLanguage":"hu"},{"@type":"Organization","@id":"https:\/\/new-website.schmidt-bender.hu\/web\/#organization","name":"Schmidt-Bender Hung\u00e1ria","url":"https:\/\/new-website.schmidt-bender.hu\/web\/","logo":{"@type":"ImageObject","inLanguage":"hu","@id":"https:\/\/new-website.schmidt-bender.hu\/web\/#\/schema\/logo\/image\/","url":"https:\/\/new-website.schmidt-bender.hu\/web\/wp-content\/uploads\/2024\/03\/header_logo.png","contentUrl":"https:\/\/new-website.schmidt-bender.hu\/web\/wp-content\/uploads\/2024\/03\/header_logo.png","width":202,"height":41,"caption":"Schmidt-Bender Hung\u00e1ria"},"image":{"@id":"https:\/\/new-website.schmidt-bender.hu\/web\/#\/schema\/logo\/image\/"}}]}},"_links":{"self":[{"href":"https:\/\/new-website.schmidt-bender.hu\/web\/wp-json\/wp\/v2\/pages\/246","targetHints":{"allow":["GET"]}}],"collection":[{"href":"https:\/\/new-website.schmidt-bender.hu\/web\/wp-json\/wp\/v2\/pages"}],"about":[{"href":"https:\/\/new-website.schmidt-bender.hu\/web\/wp-json\/wp\/v2\/types\/page"}],"author":[{"embeddable":true,"href":"https:\/\/new-website.schmidt-bender.hu\/web\/wp-json\/wp\/v2\/users\/3"}],"replies":[{"embeddable":true,"href":"https:\/\/new-website.schmidt-bender.hu\/web\/wp-json\/wp\/v2\/comments?post=246"}],"version-history":[{"count":28,"href":"https:\/\/new-website.schmidt-bender.hu\/web\/wp-json\/wp\/v2\/pages\/246\/revisions"}],"predecessor-version":[{"id":2751,"href":"https:\/\/new-website.schmidt-bender.hu\/web\/wp-json\/wp\/v2\/pages\/246\/revisions\/2751"}],"up":[{"embeddable":true,"href":"https:\/\/new-website.schmidt-bender.hu\/web\/wp-json\/wp\/v2\/pages\/63"}],"wp:featuredmedia":[{"embeddable":true,"href":"https:\/\/new-website.schmidt-bender.hu\/web\/wp-json\/wp\/v2\/media\/1136"}],"wp:attachment":[{"href":"https:\/\/new-website.schmidt-bender.hu\/web\/wp-json\/wp\/v2\/media?parent=246"}],"curies":[{"name":"wp","href":"https:\/\/api.w.org\/{rel}","templated":true}]}}