{"id":159,"date":"2024-03-19T11:31:28","date_gmt":"2024-03-19T11:31:28","guid":{"rendered":"https:\/\/new-website.schmidt-bender.hu\/web\/?page_id=159"},"modified":"2024-10-08T12:59:55","modified_gmt":"2024-10-08T12:59:55","slug":"termekeink","status":"publish","type":"page","link":"https:\/\/new-website.schmidt-bender.hu\/web\/szaloptika\/termekeink\/","title":{"rendered":"Term\u00e9keink"},"content":{"rendered":"\t\t<div data-elementor-type=\"wp-page\" data-elementor-id=\"159\" class=\"elementor elementor-159\" data-elementor-post-type=\"page\">\n\t\t\t\t<div class=\"elementor-element elementor-element-03a56d4 e-flex e-con-boxed e-con e-parent\" data-id=\"03a56d4\" data-element_type=\"container\" data-core-v316-plus=\"true\">\n\t\t\t\t\t<div class=\"e-con-inner\">\n\t\t\t\t<div class=\"elementor-element elementor-element-820e604 elementor-widget elementor-widget-text-editor\" data-id=\"820e604\" data-element_type=\"widget\" data-widget_type=\"text-editor.default\">\n\t\t\t\t<div class=\"elementor-widget-container\">\n\t\t\t<style>\/*! elementor - v3.20.0 - 20-03-2024 *\/\n.elementor-widget-text-editor.elementor-drop-cap-view-stacked .elementor-drop-cap{background-color:#69727d;color:#fff}.elementor-widget-text-editor.elementor-drop-cap-view-framed .elementor-drop-cap{color:#69727d;border:3px solid;background-color:transparent}.elementor-widget-text-editor:not(.elementor-drop-cap-view-default) .elementor-drop-cap{margin-top:8px}.elementor-widget-text-editor:not(.elementor-drop-cap-view-default) .elementor-drop-cap-letter{width:1em;height:1em}.elementor-widget-text-editor .elementor-drop-cap{float:left;text-align:center;line-height:1;font-size:50px}.elementor-widget-text-editor .elementor-drop-cap-letter{display:inline-block}<\/style>\t\t\t\tTerm\u00e9keinket k\u00e9t f\u00e9le numerikus apert\u00far\u00e1val tudjuk el\u0151\u00e1ll\u00edtani: NA=0,57 \u00e9s NA=0,64. A haszn\u00e1lt anyagok vegyszer-, l\u00fag- \u00e9s sav\u00e1ll\u00f3ak, 350\u00b0C-ig biztons\u00e1ggal haszn\u00e1lhat\u00f3ak, valamint autokl\u00e1vozhat\u00f3k.\t\t\t\t\t\t<\/div>\n\t\t\t\t<\/div>\n\t\t\t\t\t<\/div>\n\t\t\t\t<\/div>\n\t\t<div class=\"elementor-element elementor-element-df204d7 e-flex e-con-boxed e-con e-parent\" data-id=\"df204d7\" data-element_type=\"container\" data-core-v316-plus=\"true\">\n\t\t\t\t\t<div class=\"e-con-inner\">\n\t\t<div class=\"elementor-element elementor-element-b9d9b6d e-con-full e-flex e-con e-child\" data-id=\"b9d9b6d\" data-element_type=\"container\">\n\t\t\t\t<div class=\"elementor-element elementor-element-bb228bb elementor-widget elementor-widget-heading\" data-id=\"bb228bb\" data-element_type=\"widget\" data-widget_type=\"heading.default\">\n\t\t\t\t<div class=\"elementor-widget-container\">\n\t\t\t<style>\/*! elementor - v3.20.0 - 20-03-2024 *\/\n.elementor-heading-title{padding:0;margin:0;line-height:1}.elementor-widget-heading .elementor-heading-title[class*=elementor-size-]>a{color:inherit;font-size:inherit;line-height:inherit}.elementor-widget-heading .elementor-heading-title.elementor-size-small{font-size:15px}.elementor-widget-heading .elementor-heading-title.elementor-size-medium{font-size:19px}.elementor-widget-heading .elementor-heading-title.elementor-size-large{font-size:29px}.elementor-widget-heading .elementor-heading-title.elementor-size-xl{font-size:39px}.elementor-widget-heading .elementor-heading-title.elementor-size-xxl{font-size:59px}<\/style><h2 class=\"elementor-heading-title elementor-size-default\"><a href=\"https:\/\/new-website.schmidt-bender.hu\/web\/szaloptika\/termekeink\/merev-rudak\/\">Merev rudak<\/a><\/h2>\t\t<\/div>\n\t\t\t\t<\/div>\n\t\t\t\t<div class=\"elementor-element elementor-element-8e551b1 elementor-widget elementor-widget-image\" data-id=\"8e551b1\" data-element_type=\"widget\" data-widget_type=\"image.default\">\n\t\t\t\t<div class=\"elementor-widget-container\">\n\t\t\t<style>\/*! elementor - v3.20.0 - 20-03-2024 *\/\n.elementor-widget-image{text-align:center}.elementor-widget-image a{display:inline-block}.elementor-widget-image a img[src$=\".svg\"]{width:48px}.elementor-widget-image img{vertical-align:middle;display:inline-block}<\/style>\t\t\t\t\t\t\t\t\t\t\t<a href=\"https:\/\/new-website.schmidt-bender.hu\/web\/szaloptika\/termekeink\/merev-rudak\/\">\n\t\t\t\t\t\t\t<img fetchpriority=\"high\" decoding=\"async\" width=\"800\" height=\"531\" src=\"https:\/\/new-website.schmidt-bender.hu\/web\/wp-content\/uploads\/2024\/04\/DSC_0021-1024x680.jpg\" class=\"elementor-animation-grow attachment-large size-large wp-image-867\" alt=\"Schmidt Bender Hung\u00e1ria Fog\u00e1szati pipa\" srcset=\"https:\/\/new-website.schmidt-bender.hu\/web\/wp-content\/uploads\/2024\/04\/DSC_0021-1024x680.jpg 1024w, https:\/\/new-website.schmidt-bender.hu\/web\/wp-content\/uploads\/2024\/04\/DSC_0021-300x199.jpg 300w, https:\/\/new-website.schmidt-bender.hu\/web\/wp-content\/uploads\/2024\/04\/DSC_0021-768x510.jpg 768w, https:\/\/new-website.schmidt-bender.hu\/web\/wp-content\/uploads\/2024\/04\/DSC_0021-1536x1020.jpg 1536w, https:\/\/new-website.schmidt-bender.hu\/web\/wp-content\/uploads\/2024\/04\/DSC_0021.jpg 1920w\" sizes=\"(max-width: 800px) 100vw, 800px\" \/>\t\t\t\t\t\t\t\t<\/a>\n\t\t\t\t\t\t\t\t\t\t\t\t\t<\/div>\n\t\t\t\t<\/div>\n\t\t\t\t<div class=\"elementor-element elementor-element-f894839 elementor-align-justify elementor-widget elementor-widget-button\" data-id=\"f894839\" data-element_type=\"widget\" data-widget_type=\"button.default\">\n\t\t\t\t<div class=\"elementor-widget-container\">\n\t\t\t\t\t<div class=\"elementor-button-wrapper\">\n\t\t\t<a class=\"elementor-button elementor-button-link elementor-size-sm\" href=\"https:\/\/new-website.schmidt-bender.hu\/web\/szaloptika\/termekeink\/merev-rudak\/\">\n\t\t\t\t\t\t<span class=\"elementor-button-content-wrapper\">\n\t\t\t\t\t\t<span class=\"elementor-button-text\">B\u0151vebb inform\u00e1ci\u00f3 &gt;&gt;<\/span>\n\t\t<\/span>\n\t\t\t\t\t<\/a>\n\t\t<\/div>\n\t\t\t\t<\/div>\n\t\t\t\t<\/div>\n\t\t\t\t<\/div>\n\t\t<div class=\"elementor-element elementor-element-6d652a3 e-con-full e-flex e-con e-child\" data-id=\"6d652a3\" data-element_type=\"container\">\n\t\t\t\t<div class=\"elementor-element elementor-element-50c6958 elementor-widget elementor-widget-heading\" data-id=\"50c6958\" data-element_type=\"widget\" data-widget_type=\"heading.default\">\n\t\t\t\t<div class=\"elementor-widget-container\">\n\t\t\t<h2 class=\"elementor-heading-title elementor-size-default\"><a href=\"https:\/\/new-website.schmidt-bender.hu\/web\/szaloptika\/termekeink\/hajlekony-szalak\/\">Hajl\u00e9kony sz\u00e1lak<\/a><\/h2>\t\t<\/div>\n\t\t\t\t<\/div>\n\t\t\t\t<div class=\"elementor-element elementor-element-568d92d elementor-widget elementor-widget-image\" data-id=\"568d92d\" data-element_type=\"widget\" data-widget_type=\"image.default\">\n\t\t\t\t<div class=\"elementor-widget-container\">\n\t\t\t\t\t\t\t\t\t\t\t\t\t\t<a href=\"https:\/\/new-website.schmidt-bender.hu\/web\/szaloptika\/termekeink\/hajlekony-szalak\/\">\n\t\t\t\t\t\t\t<img decoding=\"async\" width=\"800\" height=\"534\" data-src=\"https:\/\/new-website.schmidt-bender.hu\/web\/wp-content\/uploads\/2024\/04\/DSC_0910-1024x683.jpg\" class=\"elementor-animation-grow attachment-large size-large wp-image-888 lazyload\" alt=\"Schmidt Bender Hung\u00e1ria Hajl\u00e9kony sz\u00e1lak\" data-srcset=\"https:\/\/new-website.schmidt-bender.hu\/web\/wp-content\/uploads\/2024\/04\/DSC_0910-1024x683.jpg 1024w, https:\/\/new-website.schmidt-bender.hu\/web\/wp-content\/uploads\/2024\/04\/DSC_0910-300x200.jpg 300w, https:\/\/new-website.schmidt-bender.hu\/web\/wp-content\/uploads\/2024\/04\/DSC_0910-768x512.jpg 768w, https:\/\/new-website.schmidt-bender.hu\/web\/wp-content\/uploads\/2024\/04\/DSC_0910-1536x1024.jpg 1536w, https:\/\/new-website.schmidt-bender.hu\/web\/wp-content\/uploads\/2024\/04\/DSC_0910-2048x1365.jpg 2048w\" data-sizes=\"(max-width: 800px) 100vw, 800px\" src=\"data:image\/gif;base64,R0lGODlhAQABAAAAACH5BAEKAAEALAAAAAABAAEAAAICTAEAOw==\" style=\"--smush-placeholder-width: 800px; --smush-placeholder-aspect-ratio: 800\/534;\" \/><noscript><img decoding=\"async\" width=\"800\" height=\"534\" src=\"https:\/\/new-website.schmidt-bender.hu\/web\/wp-content\/uploads\/2024\/04\/DSC_0910-1024x683.jpg\" class=\"elementor-animation-grow attachment-large size-large wp-image-888\" alt=\"Schmidt Bender Hung\u00e1ria Hajl\u00e9kony sz\u00e1lak\" srcset=\"https:\/\/new-website.schmidt-bender.hu\/web\/wp-content\/uploads\/2024\/04\/DSC_0910-1024x683.jpg 1024w, https:\/\/new-website.schmidt-bender.hu\/web\/wp-content\/uploads\/2024\/04\/DSC_0910-300x200.jpg 300w, https:\/\/new-website.schmidt-bender.hu\/web\/wp-content\/uploads\/2024\/04\/DSC_0910-768x512.jpg 768w, https:\/\/new-website.schmidt-bender.hu\/web\/wp-content\/uploads\/2024\/04\/DSC_0910-1536x1024.jpg 1536w, https:\/\/new-website.schmidt-bender.hu\/web\/wp-content\/uploads\/2024\/04\/DSC_0910-2048x1365.jpg 2048w\" sizes=\"(max-width: 800px) 100vw, 800px\" \/><\/noscript>\t\t\t\t\t\t\t\t<\/a>\n\t\t\t\t\t\t\t\t\t\t\t\t\t<\/div>\n\t\t\t\t<\/div>\n\t\t\t\t<div class=\"elementor-element elementor-element-2ab5e85 elementor-align-justify elementor-widget elementor-widget-button\" data-id=\"2ab5e85\" data-element_type=\"widget\" data-widget_type=\"button.default\">\n\t\t\t\t<div class=\"elementor-widget-container\">\n\t\t\t\t\t<div class=\"elementor-button-wrapper\">\n\t\t\t<a class=\"elementor-button elementor-button-link elementor-size-sm\" href=\"https:\/\/new-website.schmidt-bender.hu\/web\/szaloptika\/termekeink\/hajlekony-szalak\/\">\n\t\t\t\t\t\t<span class=\"elementor-button-content-wrapper\">\n\t\t\t\t\t\t<span class=\"elementor-button-text\">B\u0151vebb inform\u00e1ci\u00f3 &gt;&gt;<\/span>\n\t\t<\/span>\n\t\t\t\t\t<\/a>\n\t\t<\/div>\n\t\t\t\t<\/div>\n\t\t\t\t<\/div>\n\t\t\t\t<\/div>\n\t\t\t\t\t<\/div>\n\t\t\t\t<\/div>\n\t\t\t\t<\/div>\n\t\t","protected":false},"excerpt":{"rendered":"<p>Term\u00e9keinket k\u00e9t f\u00e9le numerikus apert\u00far\u00e1val tudjuk el\u0151\u00e1ll\u00edtani: NA=0,57 \u00e9s NA=0,64. A haszn\u00e1lt anyagok vegyszer-, l\u00fag- \u00e9s sav\u00e1ll\u00f3ak, 350\u00b0C-ig biztons\u00e1ggal haszn\u00e1lhat\u00f3ak, valamint autokl\u00e1vozhat\u00f3k. Merev rudak B\u0151vebb inform\u00e1ci\u00f3 &gt;&gt; Hajl\u00e9kony sz\u00e1lak B\u0151vebb inform\u00e1ci\u00f3 &gt;&gt;<\/p>\n","protected":false},"author":2,"featured_media":1138,"parent":54,"menu_order":0,"comment_status":"closed","ping_status":"closed","template":"","meta":{"footnotes":""},"class_list":["post-159","page","type-page","status-publish","has-post-thumbnail","hentry"],"yoast_head":"<!-- This site is optimized with the Yoast SEO Premium plugin v22.5 (Yoast SEO v22.5) - https:\/\/yoast.com\/wordpress\/plugins\/seo\/ -->\n<title>Term\u00e9keink - Schmidt-Bender Hung\u00e1ria<\/title>\n<meta name=\"robots\" content=\"noindex, follow, max-snippet:-1, max-image-preview:large, max-video-preview:-1\" \/>\n<meta property=\"og:locale\" content=\"hu_HU\" \/>\n<meta property=\"og:type\" content=\"article\" \/>\n<meta property=\"og:title\" content=\"Term\u00e9keink\" \/>\n<meta property=\"og:description\" content=\"Term\u00e9keinket k\u00e9t f\u00e9le numerikus apert\u00far\u00e1val tudjuk el\u0151\u00e1ll\u00edtani: NA=0,57 \u00e9s NA=0,64. A haszn\u00e1lt anyagok vegyszer-, l\u00fag- \u00e9s sav\u00e1ll\u00f3ak, 350\u00b0C-ig biztons\u00e1ggal haszn\u00e1lhat\u00f3ak, valamint autokl\u00e1vozhat\u00f3k. Merev rudak B\u0151vebb inform\u00e1ci\u00f3 &gt;&gt; Hajl\u00e9kony sz\u00e1lak B\u0151vebb inform\u00e1ci\u00f3 &gt;&gt;\" \/>\n<meta property=\"og:url\" content=\"https:\/\/new-website.schmidt-bender.hu\/web\/szaloptika\/termekeink\/\" \/>\n<meta property=\"og:site_name\" content=\"Schmidt-Bender Hung\u00e1ria\" \/>\n<meta property=\"article:modified_time\" content=\"2024-10-08T12:59:55+00:00\" \/>\n<meta property=\"og:image\" content=\"https:\/\/new-website.schmidt-bender.hu\/web\/wp-content\/uploads\/2024\/05\/szaloptika_kiemelt.png\" \/>\n\t<meta property=\"og:image:width\" content=\"973\" \/>\n\t<meta property=\"og:image:height\" content=\"144\" \/>\n\t<meta property=\"og:image:type\" content=\"image\/png\" \/>\n<meta name=\"twitter:card\" content=\"summary_large_image\" \/>\n<meta name=\"twitter:label1\" content=\"Becs\u00fclt olvas\u00e1si id\u0151\" \/>\n\t<meta name=\"twitter:data1\" content=\"1 perc\" \/>\n<script type=\"application\/ld+json\" class=\"yoast-schema-graph\">{\"@context\":\"https:\/\/schema.org\",\"@graph\":[{\"@type\":\"WebPage\",\"@id\":\"https:\/\/new-website.schmidt-bender.hu\/web\/szaloptika\/termekeink\/\",\"url\":\"https:\/\/new-website.schmidt-bender.hu\/web\/szaloptika\/termekeink\/\",\"name\":\"Term\u00e9keink - Schmidt-Bender Hung\u00e1ria\",\"isPartOf\":{\"@id\":\"https:\/\/new-website.schmidt-bender.hu\/web\/#website\"},\"primaryImageOfPage\":{\"@id\":\"https:\/\/new-website.schmidt-bender.hu\/web\/szaloptika\/termekeink\/#primaryimage\"},\"image\":{\"@id\":\"https:\/\/new-website.schmidt-bender.hu\/web\/szaloptika\/termekeink\/#primaryimage\"},\"thumbnailUrl\":\"https:\/\/new-website.schmidt-bender.hu\/web\/wp-content\/uploads\/2024\/05\/szaloptika_kiemelt.png\",\"datePublished\":\"2024-03-19T11:31:28+00:00\",\"dateModified\":\"2024-10-08T12:59:55+00:00\",\"breadcrumb\":{\"@id\":\"https:\/\/new-website.schmidt-bender.hu\/web\/szaloptika\/termekeink\/#breadcrumb\"},\"inLanguage\":\"hu\",\"potentialAction\":[{\"@type\":\"ReadAction\",\"target\":[\"https:\/\/new-website.schmidt-bender.hu\/web\/szaloptika\/termekeink\/\"]}]},{\"@type\":\"ImageObject\",\"inLanguage\":\"hu\",\"@id\":\"https:\/\/new-website.schmidt-bender.hu\/web\/szaloptika\/termekeink\/#primaryimage\",\"url\":\"https:\/\/new-website.schmidt-bender.hu\/web\/wp-content\/uploads\/2024\/05\/szaloptika_kiemelt.png\",\"contentUrl\":\"https:\/\/new-website.schmidt-bender.hu\/web\/wp-content\/uploads\/2024\/05\/szaloptika_kiemelt.png\",\"width\":973,\"height\":144,\"caption\":\"Schmidt Bender Hung\u00e1ria Sz\u00e1loptika\"},{\"@type\":\"BreadcrumbList\",\"@id\":\"https:\/\/new-website.schmidt-bender.hu\/web\/szaloptika\/termekeink\/#breadcrumb\",\"itemListElement\":[{\"@type\":\"ListItem\",\"position\":1,\"name\":\"Kezd\u0151lap\",\"item\":\"https:\/\/new-website.schmidt-bender.hu\/web\/\"},{\"@type\":\"ListItem\",\"position\":2,\"name\":\"Sz\u00e1loptika\",\"item\":\"https:\/\/new-website.schmidt-bender.hu\/web\/szaloptika\/\"},{\"@type\":\"ListItem\",\"position\":3,\"name\":\"Term\u00e9keink\"}]},{\"@type\":\"WebSite\",\"@id\":\"https:\/\/new-website.schmidt-bender.hu\/web\/#website\",\"url\":\"https:\/\/new-website.schmidt-bender.hu\/web\/\",\"name\":\"Schmidt-Bender Hung\u00e1ria\",\"description\":\"C\u00e9lt\u00e1vcs\u00f6vek, optika \u00e9s sz\u00e1loptika\",\"publisher\":{\"@id\":\"https:\/\/new-website.schmidt-bender.hu\/web\/#organization\"},\"potentialAction\":[{\"@type\":\"SearchAction\",\"target\":{\"@type\":\"EntryPoint\",\"urlTemplate\":\"https:\/\/new-website.schmidt-bender.hu\/web\/?s={search_term_string}\"},\"query-input\":\"required name=search_term_string\"}],\"inLanguage\":\"hu\"},{\"@type\":\"Organization\",\"@id\":\"https:\/\/new-website.schmidt-bender.hu\/web\/#organization\",\"name\":\"Schmidt-Bender Hung\u00e1ria\",\"url\":\"https:\/\/new-website.schmidt-bender.hu\/web\/\",\"logo\":{\"@type\":\"ImageObject\",\"inLanguage\":\"hu\",\"@id\":\"https:\/\/new-website.schmidt-bender.hu\/web\/#\/schema\/logo\/image\/\",\"url\":\"https:\/\/new-website.schmidt-bender.hu\/web\/wp-content\/uploads\/2024\/03\/header_logo.png\",\"contentUrl\":\"https:\/\/new-website.schmidt-bender.hu\/web\/wp-content\/uploads\/2024\/03\/header_logo.png\",\"width\":202,\"height\":41,\"caption\":\"Schmidt-Bender Hung\u00e1ria\"},\"image\":{\"@id\":\"https:\/\/new-website.schmidt-bender.hu\/web\/#\/schema\/logo\/image\/\"}}]}<\/script>\n<!-- \/ Yoast SEO Premium plugin. -->","yoast_head_json":{"title":"Term\u00e9keink - Schmidt-Bender Hung\u00e1ria","robots":{"index":"noindex","follow":"follow","max-snippet":"max-snippet:-1","max-image-preview":"max-image-preview:large","max-video-preview":"max-video-preview:-1"},"og_locale":"hu_HU","og_type":"article","og_title":"Term\u00e9keink","og_description":"Term\u00e9keinket k\u00e9t f\u00e9le numerikus apert\u00far\u00e1val tudjuk el\u0151\u00e1ll\u00edtani: NA=0,57 \u00e9s NA=0,64. A haszn\u00e1lt anyagok vegyszer-, l\u00fag- \u00e9s sav\u00e1ll\u00f3ak, 350\u00b0C-ig biztons\u00e1ggal haszn\u00e1lhat\u00f3ak, valamint autokl\u00e1vozhat\u00f3k. Merev rudak B\u0151vebb inform\u00e1ci\u00f3 &gt;&gt; Hajl\u00e9kony sz\u00e1lak B\u0151vebb inform\u00e1ci\u00f3 &gt;&gt;","og_url":"https:\/\/new-website.schmidt-bender.hu\/web\/szaloptika\/termekeink\/","og_site_name":"Schmidt-Bender Hung\u00e1ria","article_modified_time":"2024-10-08T12:59:55+00:00","og_image":[{"width":973,"height":144,"url":"https:\/\/new-website.schmidt-bender.hu\/web\/wp-content\/uploads\/2024\/05\/szaloptika_kiemelt.png","type":"image\/png"}],"twitter_card":"summary_large_image","twitter_misc":{"Becs\u00fclt olvas\u00e1si id\u0151":"1 perc"},"schema":{"@context":"https:\/\/schema.org","@graph":[{"@type":"WebPage","@id":"https:\/\/new-website.schmidt-bender.hu\/web\/szaloptika\/termekeink\/","url":"https:\/\/new-website.schmidt-bender.hu\/web\/szaloptika\/termekeink\/","name":"Term\u00e9keink - Schmidt-Bender Hung\u00e1ria","isPartOf":{"@id":"https:\/\/new-website.schmidt-bender.hu\/web\/#website"},"primaryImageOfPage":{"@id":"https:\/\/new-website.schmidt-bender.hu\/web\/szaloptika\/termekeink\/#primaryimage"},"image":{"@id":"https:\/\/new-website.schmidt-bender.hu\/web\/szaloptika\/termekeink\/#primaryimage"},"thumbnailUrl":"https:\/\/new-website.schmidt-bender.hu\/web\/wp-content\/uploads\/2024\/05\/szaloptika_kiemelt.png","datePublished":"2024-03-19T11:31:28+00:00","dateModified":"2024-10-08T12:59:55+00:00","breadcrumb":{"@id":"https:\/\/new-website.schmidt-bender.hu\/web\/szaloptika\/termekeink\/#breadcrumb"},"inLanguage":"hu","potentialAction":[{"@type":"ReadAction","target":["https:\/\/new-website.schmidt-bender.hu\/web\/szaloptika\/termekeink\/"]}]},{"@type":"ImageObject","inLanguage":"hu","@id":"https:\/\/new-website.schmidt-bender.hu\/web\/szaloptika\/termekeink\/#primaryimage","url":"https:\/\/new-website.schmidt-bender.hu\/web\/wp-content\/uploads\/2024\/05\/szaloptika_kiemelt.png","contentUrl":"https:\/\/new-website.schmidt-bender.hu\/web\/wp-content\/uploads\/2024\/05\/szaloptika_kiemelt.png","width":973,"height":144,"caption":"Schmidt Bender Hung\u00e1ria Sz\u00e1loptika"},{"@type":"BreadcrumbList","@id":"https:\/\/new-website.schmidt-bender.hu\/web\/szaloptika\/termekeink\/#breadcrumb","itemListElement":[{"@type":"ListItem","position":1,"name":"Kezd\u0151lap","item":"https:\/\/new-website.schmidt-bender.hu\/web\/"},{"@type":"ListItem","position":2,"name":"Sz\u00e1loptika","item":"https:\/\/new-website.schmidt-bender.hu\/web\/szaloptika\/"},{"@type":"ListItem","position":3,"name":"Term\u00e9keink"}]},{"@type":"WebSite","@id":"https:\/\/new-website.schmidt-bender.hu\/web\/#website","url":"https:\/\/new-website.schmidt-bender.hu\/web\/","name":"Schmidt-Bender Hung\u00e1ria","description":"C\u00e9lt\u00e1vcs\u00f6vek, optika \u00e9s sz\u00e1loptika","publisher":{"@id":"https:\/\/new-website.schmidt-bender.hu\/web\/#organization"},"potentialAction":[{"@type":"SearchAction","target":{"@type":"EntryPoint","urlTemplate":"https:\/\/new-website.schmidt-bender.hu\/web\/?s={search_term_string}"},"query-input":"required name=search_term_string"}],"inLanguage":"hu"},{"@type":"Organization","@id":"https:\/\/new-website.schmidt-bender.hu\/web\/#organization","name":"Schmidt-Bender Hung\u00e1ria","url":"https:\/\/new-website.schmidt-bender.hu\/web\/","logo":{"@type":"ImageObject","inLanguage":"hu","@id":"https:\/\/new-website.schmidt-bender.hu\/web\/#\/schema\/logo\/image\/","url":"https:\/\/new-website.schmidt-bender.hu\/web\/wp-content\/uploads\/2024\/03\/header_logo.png","contentUrl":"https:\/\/new-website.schmidt-bender.hu\/web\/wp-content\/uploads\/2024\/03\/header_logo.png","width":202,"height":41,"caption":"Schmidt-Bender Hung\u00e1ria"},"image":{"@id":"https:\/\/new-website.schmidt-bender.hu\/web\/#\/schema\/logo\/image\/"}}]}},"_links":{"self":[{"href":"https:\/\/new-website.schmidt-bender.hu\/web\/wp-json\/wp\/v2\/pages\/159","targetHints":{"allow":["GET"]}}],"collection":[{"href":"https:\/\/new-website.schmidt-bender.hu\/web\/wp-json\/wp\/v2\/pages"}],"about":[{"href":"https:\/\/new-website.schmidt-bender.hu\/web\/wp-json\/wp\/v2\/types\/page"}],"author":[{"embeddable":true,"href":"https:\/\/new-website.schmidt-bender.hu\/web\/wp-json\/wp\/v2\/users\/2"}],"replies":[{"embeddable":true,"href":"https:\/\/new-website.schmidt-bender.hu\/web\/wp-json\/wp\/v2\/comments?post=159"}],"version-history":[{"count":31,"href":"https:\/\/new-website.schmidt-bender.hu\/web\/wp-json\/wp\/v2\/pages\/159\/revisions"}],"predecessor-version":[{"id":2504,"href":"https:\/\/new-website.schmidt-bender.hu\/web\/wp-json\/wp\/v2\/pages\/159\/revisions\/2504"}],"up":[{"embeddable":true,"href":"https:\/\/new-website.schmidt-bender.hu\/web\/wp-json\/wp\/v2\/pages\/54"}],"wp:featuredmedia":[{"embeddable":true,"href":"https:\/\/new-website.schmidt-bender.hu\/web\/wp-json\/wp\/v2\/media\/1138"}],"wp:attachment":[{"href":"https:\/\/new-website.schmidt-bender.hu\/web\/wp-json\/wp\/v2\/media?parent=159"}],"curies":[{"name":"wp","href":"https:\/\/api.w.org\/{rel}","templated":true}]}}