{"id":1402,"date":"2024-05-02T15:35:43","date_gmt":"2024-05-02T15:35:43","guid":{"rendered":"https:\/\/new-website.schmidt-bender.hu\/web\/?page_id=1402"},"modified":"2024-05-15T09:29:55","modified_gmt":"2024-05-15T09:29:55","slug":"vevoi-specifikaciok","status":"publish","type":"page","link":"https:\/\/new-website.schmidt-bender.hu\/web\/szerelt-optikak\/vevoi-specifikaciok\/","title":{"rendered":"Vev\u0151i specifik\u00e1ci\u00f3k"},"content":{"rendered":"\t\t<div data-elementor-type=\"wp-page\" data-elementor-id=\"1402\" class=\"elementor elementor-1402\" data-elementor-post-type=\"page\">\n\t\t\t\t<div class=\"elementor-element elementor-element-aa4ed56 image-box-img e-flex e-con-boxed e-con e-parent\" data-id=\"aa4ed56\" data-element_type=\"container\" data-core-v316-plus=\"true\">\n\t\t\t\t\t<div class=\"e-con-inner\">\n\t\t<div class=\"elementor-element elementor-element-22ca9fb e-con-full e-flex e-con e-child\" data-id=\"22ca9fb\" data-element_type=\"container\">\n\t\t\t\t<div class=\"elementor-element elementor-element-d7a0e25 elementor-position-top elementor-widget elementor-widget-image-box\" data-id=\"d7a0e25\" data-element_type=\"widget\" data-widget_type=\"image-box.default\">\n\t\t\t\t<div class=\"elementor-widget-container\">\n\t\t\t<style>\/*! elementor - v3.20.0 - 20-03-2024 *\/\n.elementor-widget-image-box .elementor-image-box-content{width:100%}@media (min-width:768px){.elementor-widget-image-box.elementor-position-left .elementor-image-box-wrapper,.elementor-widget-image-box.elementor-position-right .elementor-image-box-wrapper{display:flex}.elementor-widget-image-box.elementor-position-right .elementor-image-box-wrapper{text-align:right;flex-direction:row-reverse}.elementor-widget-image-box.elementor-position-left .elementor-image-box-wrapper{text-align:left;flex-direction:row}.elementor-widget-image-box.elementor-position-top .elementor-image-box-img{margin:auto}.elementor-widget-image-box.elementor-vertical-align-top .elementor-image-box-wrapper{align-items:flex-start}.elementor-widget-image-box.elementor-vertical-align-middle .elementor-image-box-wrapper{align-items:center}.elementor-widget-image-box.elementor-vertical-align-bottom .elementor-image-box-wrapper{align-items:flex-end}}@media (max-width:767px){.elementor-widget-image-box .elementor-image-box-img{margin-left:auto!important;margin-right:auto!important;margin-bottom:15px}}.elementor-widget-image-box .elementor-image-box-img{display:inline-block}.elementor-widget-image-box .elementor-image-box-title a{color:inherit}.elementor-widget-image-box .elementor-image-box-wrapper{text-align:center}.elementor-widget-image-box .elementor-image-box-description{margin:0}<\/style><div class=\"elementor-image-box-wrapper\"><figure class=\"elementor-image-box-img\"><img fetchpriority=\"high\" decoding=\"async\" width=\"768\" height=\"512\" src=\"https:\/\/new-website.schmidt-bender.hu\/web\/wp-content\/uploads\/2024\/05\/PRECIZIOS-OPTIKAI-MODULOK-768x512.png\" class=\"attachment-medium_large size-medium_large wp-image-1698\" alt=\"\" srcset=\"https:\/\/new-website.schmidt-bender.hu\/web\/wp-content\/uploads\/2024\/05\/PRECIZIOS-OPTIKAI-MODULOK-768x512.png 768w, https:\/\/new-website.schmidt-bender.hu\/web\/wp-content\/uploads\/2024\/05\/PRECIZIOS-OPTIKAI-MODULOK-300x200.png 300w, https:\/\/new-website.schmidt-bender.hu\/web\/wp-content\/uploads\/2024\/05\/PRECIZIOS-OPTIKAI-MODULOK-1024x683.png 1024w, https:\/\/new-website.schmidt-bender.hu\/web\/wp-content\/uploads\/2024\/05\/PRECIZIOS-OPTIKAI-MODULOK-1536x1024.png 1536w, https:\/\/new-website.schmidt-bender.hu\/web\/wp-content\/uploads\/2024\/05\/PRECIZIOS-OPTIKAI-MODULOK.png 1920w\" sizes=\"(max-width: 768px) 100vw, 768px\" \/><\/figure><div class=\"elementor-image-box-content\"><h3 class=\"elementor-image-box-title\">PREC\u00cdZI\u00d3S OPTIKAI MODULOK<\/h3><p class=\"elementor-image-box-description\">\n<\/p><\/div><\/div>\t\t<\/div>\n\t\t\t\t<\/div>\n\t\t\t\t<\/div>\n\t\t<div class=\"elementor-element elementor-element-1580dfc e-con-full e-flex e-con e-child\" data-id=\"1580dfc\" data-element_type=\"container\">\n\t\t\t\t<div class=\"elementor-element elementor-element-7720836 elementor-position-top elementor-widget elementor-widget-image-box\" data-id=\"7720836\" data-element_type=\"widget\" data-widget_type=\"image-box.default\">\n\t\t\t\t<div class=\"elementor-widget-container\">\n\t\t\t<div class=\"elementor-image-box-wrapper\"><figure class=\"elementor-image-box-img\"><img decoding=\"async\" width=\"768\" height=\"512\" data-src=\"https:\/\/new-website.schmidt-bender.hu\/web\/wp-content\/uploads\/2024\/05\/PRECIZIOS-TISZTITAS-MIKROSZKOP-ALATT-768x512.png\" class=\"attachment-medium_large size-medium_large wp-image-1700 lazyload\" alt=\"\" data-srcset=\"https:\/\/new-website.schmidt-bender.hu\/web\/wp-content\/uploads\/2024\/05\/PRECIZIOS-TISZTITAS-MIKROSZKOP-ALATT-768x512.png 768w, https:\/\/new-website.schmidt-bender.hu\/web\/wp-content\/uploads\/2024\/05\/PRECIZIOS-TISZTITAS-MIKROSZKOP-ALATT-300x200.png 300w, https:\/\/new-website.schmidt-bender.hu\/web\/wp-content\/uploads\/2024\/05\/PRECIZIOS-TISZTITAS-MIKROSZKOP-ALATT-1024x683.png 1024w, https:\/\/new-website.schmidt-bender.hu\/web\/wp-content\/uploads\/2024\/05\/PRECIZIOS-TISZTITAS-MIKROSZKOP-ALATT-1536x1024.png 1536w, https:\/\/new-website.schmidt-bender.hu\/web\/wp-content\/uploads\/2024\/05\/PRECIZIOS-TISZTITAS-MIKROSZKOP-ALATT.png 1920w\" data-sizes=\"(max-width: 768px) 100vw, 768px\" src=\"data:image\/gif;base64,R0lGODlhAQABAAAAACH5BAEKAAEALAAAAAABAAEAAAICTAEAOw==\" style=\"--smush-placeholder-width: 768px; --smush-placeholder-aspect-ratio: 768\/512;\" \/><noscript><img decoding=\"async\" width=\"768\" height=\"512\" src=\"https:\/\/new-website.schmidt-bender.hu\/web\/wp-content\/uploads\/2024\/05\/PRECIZIOS-TISZTITAS-MIKROSZKOP-ALATT-768x512.png\" class=\"attachment-medium_large size-medium_large wp-image-1700\" alt=\"\" srcset=\"https:\/\/new-website.schmidt-bender.hu\/web\/wp-content\/uploads\/2024\/05\/PRECIZIOS-TISZTITAS-MIKROSZKOP-ALATT-768x512.png 768w, https:\/\/new-website.schmidt-bender.hu\/web\/wp-content\/uploads\/2024\/05\/PRECIZIOS-TISZTITAS-MIKROSZKOP-ALATT-300x200.png 300w, https:\/\/new-website.schmidt-bender.hu\/web\/wp-content\/uploads\/2024\/05\/PRECIZIOS-TISZTITAS-MIKROSZKOP-ALATT-1024x683.png 1024w, https:\/\/new-website.schmidt-bender.hu\/web\/wp-content\/uploads\/2024\/05\/PRECIZIOS-TISZTITAS-MIKROSZKOP-ALATT-1536x1024.png 1536w, https:\/\/new-website.schmidt-bender.hu\/web\/wp-content\/uploads\/2024\/05\/PRECIZIOS-TISZTITAS-MIKROSZKOP-ALATT.png 1920w\" sizes=\"(max-width: 768px) 100vw, 768px\" \/><\/noscript><\/figure><div class=\"elementor-image-box-content\"><h3 class=\"elementor-image-box-title\">PREC\u00cdZI\u00d3S TISZT\u00cdT\u00c1S MIKROSZK\u00d3P ALATT<\/h3><p class=\"elementor-image-box-description\">\n<\/p><\/div><\/div>\t\t<\/div>\n\t\t\t\t<\/div>\n\t\t\t\t<\/div>\n\t\t\t\t\t<\/div>\n\t\t\t\t<\/div>\n\t\t\t\t<\/div>\n\t\t","protected":false},"excerpt":{"rendered":"<p>PREC\u00cdZI\u00d3S OPTIKAI MODULOK PREC\u00cdZI\u00d3S TISZT\u00cdT\u00c1S MIKROSZK\u00d3P ALATT<\/p>\n","protected":false},"author":4,"featured_media":1140,"parent":642,"menu_order":0,"comment_status":"closed","ping_status":"closed","template":"","meta":{"footnotes":""},"class_list":["post-1402","page","type-page","status-publish","has-post-thumbnail","hentry"],"yoast_head":"<!-- This site is optimized with the Yoast SEO Premium plugin v22.5 (Yoast SEO v22.5) - https:\/\/yoast.com\/wordpress\/plugins\/seo\/ -->\n<title>Vev\u0151i specifik\u00e1ci\u00f3k - Schmidt-Bender Hung\u00e1ria<\/title>\n<meta name=\"robots\" content=\"noindex, follow, max-snippet:-1, max-image-preview:large, max-video-preview:-1\" \/>\n<meta property=\"og:locale\" content=\"hu_HU\" \/>\n<meta property=\"og:type\" content=\"article\" \/>\n<meta property=\"og:title\" content=\"Vev\u0151i specifik\u00e1ci\u00f3k\" \/>\n<meta property=\"og:description\" content=\"PREC\u00cdZI\u00d3S OPTIKAI MODULOK PREC\u00cdZI\u00d3S TISZT\u00cdT\u00c1S MIKROSZK\u00d3P ALATT\" \/>\n<meta property=\"og:url\" content=\"https:\/\/new-website.schmidt-bender.hu\/web\/szerelt-optikak\/vevoi-specifikaciok\/\" \/>\n<meta property=\"og:site_name\" content=\"Schmidt-Bender Hung\u00e1ria\" \/>\n<meta property=\"article:modified_time\" content=\"2024-05-15T09:29:55+00:00\" \/>\n<meta property=\"og:image\" content=\"https:\/\/new-website.schmidt-bender.hu\/web\/wp-content\/uploads\/2024\/05\/szerelt_kiemelt.png\" \/>\n\t<meta property=\"og:image:width\" content=\"973\" \/>\n\t<meta property=\"og:image:height\" content=\"144\" \/>\n\t<meta property=\"og:image:type\" content=\"image\/png\" \/>\n<meta name=\"twitter:card\" content=\"summary_large_image\" \/>\n<meta name=\"twitter:label1\" content=\"Becs\u00fclt olvas\u00e1si id\u0151\" \/>\n\t<meta name=\"twitter:data1\" content=\"1 perc\" \/>\n<script type=\"application\/ld+json\" class=\"yoast-schema-graph\">{\"@context\":\"https:\/\/schema.org\",\"@graph\":[{\"@type\":\"WebPage\",\"@id\":\"https:\/\/new-website.schmidt-bender.hu\/web\/szerelt-optikak\/vevoi-specifikaciok\/\",\"url\":\"https:\/\/new-website.schmidt-bender.hu\/web\/szerelt-optikak\/vevoi-specifikaciok\/\",\"name\":\"Vev\u0151i specifik\u00e1ci\u00f3k - Schmidt-Bender Hung\u00e1ria\",\"isPartOf\":{\"@id\":\"https:\/\/new-website.schmidt-bender.hu\/web\/#website\"},\"primaryImageOfPage\":{\"@id\":\"https:\/\/new-website.schmidt-bender.hu\/web\/szerelt-optikak\/vevoi-specifikaciok\/#primaryimage\"},\"image\":{\"@id\":\"https:\/\/new-website.schmidt-bender.hu\/web\/szerelt-optikak\/vevoi-specifikaciok\/#primaryimage\"},\"thumbnailUrl\":\"https:\/\/new-website.schmidt-bender.hu\/web\/wp-content\/uploads\/2024\/05\/szerelt_kiemelt.png\",\"datePublished\":\"2024-05-02T15:35:43+00:00\",\"dateModified\":\"2024-05-15T09:29:55+00:00\",\"breadcrumb\":{\"@id\":\"https:\/\/new-website.schmidt-bender.hu\/web\/szerelt-optikak\/vevoi-specifikaciok\/#breadcrumb\"},\"inLanguage\":\"hu\",\"potentialAction\":[{\"@type\":\"ReadAction\",\"target\":[\"https:\/\/new-website.schmidt-bender.hu\/web\/szerelt-optikak\/vevoi-specifikaciok\/\"]}]},{\"@type\":\"ImageObject\",\"inLanguage\":\"hu\",\"@id\":\"https:\/\/new-website.schmidt-bender.hu\/web\/szerelt-optikak\/vevoi-specifikaciok\/#primaryimage\",\"url\":\"https:\/\/new-website.schmidt-bender.hu\/web\/wp-content\/uploads\/2024\/05\/szerelt_kiemelt.png\",\"contentUrl\":\"https:\/\/new-website.schmidt-bender.hu\/web\/wp-content\/uploads\/2024\/05\/szerelt_kiemelt.png\",\"width\":973,\"height\":144,\"caption\":\"Schmidt Bender Hung\u00e1ria Szerelt Optik\u00e1k\"},{\"@type\":\"BreadcrumbList\",\"@id\":\"https:\/\/new-website.schmidt-bender.hu\/web\/szerelt-optikak\/vevoi-specifikaciok\/#breadcrumb\",\"itemListElement\":[{\"@type\":\"ListItem\",\"position\":1,\"name\":\"Kezd\u0151lap\",\"item\":\"https:\/\/new-website.schmidt-bender.hu\/web\/\"},{\"@type\":\"ListItem\",\"position\":2,\"name\":\"Szerelt optik\u00e1k\",\"item\":\"https:\/\/new-website.schmidt-bender.hu\/web\/szerelt-optikak\/\"},{\"@type\":\"ListItem\",\"position\":3,\"name\":\"Vev\u0151i specifik\u00e1ci\u00f3k\"}]},{\"@type\":\"WebSite\",\"@id\":\"https:\/\/new-website.schmidt-bender.hu\/web\/#website\",\"url\":\"https:\/\/new-website.schmidt-bender.hu\/web\/\",\"name\":\"Schmidt-Bender Hung\u00e1ria\",\"description\":\"C\u00e9lt\u00e1vcs\u00f6vek, optika \u00e9s sz\u00e1loptika\",\"publisher\":{\"@id\":\"https:\/\/new-website.schmidt-bender.hu\/web\/#organization\"},\"potentialAction\":[{\"@type\":\"SearchAction\",\"target\":{\"@type\":\"EntryPoint\",\"urlTemplate\":\"https:\/\/new-website.schmidt-bender.hu\/web\/?s={search_term_string}\"},\"query-input\":\"required name=search_term_string\"}],\"inLanguage\":\"hu\"},{\"@type\":\"Organization\",\"@id\":\"https:\/\/new-website.schmidt-bender.hu\/web\/#organization\",\"name\":\"Schmidt-Bender Hung\u00e1ria\",\"url\":\"https:\/\/new-website.schmidt-bender.hu\/web\/\",\"logo\":{\"@type\":\"ImageObject\",\"inLanguage\":\"hu\",\"@id\":\"https:\/\/new-website.schmidt-bender.hu\/web\/#\/schema\/logo\/image\/\",\"url\":\"https:\/\/new-website.schmidt-bender.hu\/web\/wp-content\/uploads\/2024\/03\/header_logo.png\",\"contentUrl\":\"https:\/\/new-website.schmidt-bender.hu\/web\/wp-content\/uploads\/2024\/03\/header_logo.png\",\"width\":202,\"height\":41,\"caption\":\"Schmidt-Bender Hung\u00e1ria\"},\"image\":{\"@id\":\"https:\/\/new-website.schmidt-bender.hu\/web\/#\/schema\/logo\/image\/\"}}]}<\/script>\n<!-- \/ Yoast SEO Premium plugin. -->","yoast_head_json":{"title":"Vev\u0151i specifik\u00e1ci\u00f3k - Schmidt-Bender Hung\u00e1ria","robots":{"index":"noindex","follow":"follow","max-snippet":"max-snippet:-1","max-image-preview":"max-image-preview:large","max-video-preview":"max-video-preview:-1"},"og_locale":"hu_HU","og_type":"article","og_title":"Vev\u0151i specifik\u00e1ci\u00f3k","og_description":"PREC\u00cdZI\u00d3S OPTIKAI MODULOK PREC\u00cdZI\u00d3S TISZT\u00cdT\u00c1S MIKROSZK\u00d3P ALATT","og_url":"https:\/\/new-website.schmidt-bender.hu\/web\/szerelt-optikak\/vevoi-specifikaciok\/","og_site_name":"Schmidt-Bender Hung\u00e1ria","article_modified_time":"2024-05-15T09:29:55+00:00","og_image":[{"width":973,"height":144,"url":"https:\/\/new-website.schmidt-bender.hu\/web\/wp-content\/uploads\/2024\/05\/szerelt_kiemelt.png","type":"image\/png"}],"twitter_card":"summary_large_image","twitter_misc":{"Becs\u00fclt olvas\u00e1si id\u0151":"1 perc"},"schema":{"@context":"https:\/\/schema.org","@graph":[{"@type":"WebPage","@id":"https:\/\/new-website.schmidt-bender.hu\/web\/szerelt-optikak\/vevoi-specifikaciok\/","url":"https:\/\/new-website.schmidt-bender.hu\/web\/szerelt-optikak\/vevoi-specifikaciok\/","name":"Vev\u0151i specifik\u00e1ci\u00f3k - Schmidt-Bender Hung\u00e1ria","isPartOf":{"@id":"https:\/\/new-website.schmidt-bender.hu\/web\/#website"},"primaryImageOfPage":{"@id":"https:\/\/new-website.schmidt-bender.hu\/web\/szerelt-optikak\/vevoi-specifikaciok\/#primaryimage"},"image":{"@id":"https:\/\/new-website.schmidt-bender.hu\/web\/szerelt-optikak\/vevoi-specifikaciok\/#primaryimage"},"thumbnailUrl":"https:\/\/new-website.schmidt-bender.hu\/web\/wp-content\/uploads\/2024\/05\/szerelt_kiemelt.png","datePublished":"2024-05-02T15:35:43+00:00","dateModified":"2024-05-15T09:29:55+00:00","breadcrumb":{"@id":"https:\/\/new-website.schmidt-bender.hu\/web\/szerelt-optikak\/vevoi-specifikaciok\/#breadcrumb"},"inLanguage":"hu","potentialAction":[{"@type":"ReadAction","target":["https:\/\/new-website.schmidt-bender.hu\/web\/szerelt-optikak\/vevoi-specifikaciok\/"]}]},{"@type":"ImageObject","inLanguage":"hu","@id":"https:\/\/new-website.schmidt-bender.hu\/web\/szerelt-optikak\/vevoi-specifikaciok\/#primaryimage","url":"https:\/\/new-website.schmidt-bender.hu\/web\/wp-content\/uploads\/2024\/05\/szerelt_kiemelt.png","contentUrl":"https:\/\/new-website.schmidt-bender.hu\/web\/wp-content\/uploads\/2024\/05\/szerelt_kiemelt.png","width":973,"height":144,"caption":"Schmidt Bender Hung\u00e1ria Szerelt Optik\u00e1k"},{"@type":"BreadcrumbList","@id":"https:\/\/new-website.schmidt-bender.hu\/web\/szerelt-optikak\/vevoi-specifikaciok\/#breadcrumb","itemListElement":[{"@type":"ListItem","position":1,"name":"Kezd\u0151lap","item":"https:\/\/new-website.schmidt-bender.hu\/web\/"},{"@type":"ListItem","position":2,"name":"Szerelt optik\u00e1k","item":"https:\/\/new-website.schmidt-bender.hu\/web\/szerelt-optikak\/"},{"@type":"ListItem","position":3,"name":"Vev\u0151i specifik\u00e1ci\u00f3k"}]},{"@type":"WebSite","@id":"https:\/\/new-website.schmidt-bender.hu\/web\/#website","url":"https:\/\/new-website.schmidt-bender.hu\/web\/","name":"Schmidt-Bender Hung\u00e1ria","description":"C\u00e9lt\u00e1vcs\u00f6vek, optika \u00e9s sz\u00e1loptika","publisher":{"@id":"https:\/\/new-website.schmidt-bender.hu\/web\/#organization"},"potentialAction":[{"@type":"SearchAction","target":{"@type":"EntryPoint","urlTemplate":"https:\/\/new-website.schmidt-bender.hu\/web\/?s={search_term_string}"},"query-input":"required name=search_term_string"}],"inLanguage":"hu"},{"@type":"Organization","@id":"https:\/\/new-website.schmidt-bender.hu\/web\/#organization","name":"Schmidt-Bender Hung\u00e1ria","url":"https:\/\/new-website.schmidt-bender.hu\/web\/","logo":{"@type":"ImageObject","inLanguage":"hu","@id":"https:\/\/new-website.schmidt-bender.hu\/web\/#\/schema\/logo\/image\/","url":"https:\/\/new-website.schmidt-bender.hu\/web\/wp-content\/uploads\/2024\/03\/header_logo.png","contentUrl":"https:\/\/new-website.schmidt-bender.hu\/web\/wp-content\/uploads\/2024\/03\/header_logo.png","width":202,"height":41,"caption":"Schmidt-Bender Hung\u00e1ria"},"image":{"@id":"https:\/\/new-website.schmidt-bender.hu\/web\/#\/schema\/logo\/image\/"}}]}},"_links":{"self":[{"href":"https:\/\/new-website.schmidt-bender.hu\/web\/wp-json\/wp\/v2\/pages\/1402","targetHints":{"allow":["GET"]}}],"collection":[{"href":"https:\/\/new-website.schmidt-bender.hu\/web\/wp-json\/wp\/v2\/pages"}],"about":[{"href":"https:\/\/new-website.schmidt-bender.hu\/web\/wp-json\/wp\/v2\/types\/page"}],"author":[{"embeddable":true,"href":"https:\/\/new-website.schmidt-bender.hu\/web\/wp-json\/wp\/v2\/users\/4"}],"replies":[{"embeddable":true,"href":"https:\/\/new-website.schmidt-bender.hu\/web\/wp-json\/wp\/v2\/comments?post=1402"}],"version-history":[{"count":4,"href":"https:\/\/new-website.schmidt-bender.hu\/web\/wp-json\/wp\/v2\/pages\/1402\/revisions"}],"predecessor-version":[{"id":1704,"href":"https:\/\/new-website.schmidt-bender.hu\/web\/wp-json\/wp\/v2\/pages\/1402\/revisions\/1704"}],"up":[{"embeddable":true,"href":"https:\/\/new-website.schmidt-bender.hu\/web\/wp-json\/wp\/v2\/pages\/642"}],"wp:featuredmedia":[{"embeddable":true,"href":"https:\/\/new-website.schmidt-bender.hu\/web\/wp-json\/wp\/v2\/media\/1140"}],"wp:attachment":[{"href":"https:\/\/new-website.schmidt-bender.hu\/web\/wp-json\/wp\/v2\/media?parent=1402"}],"curies":[{"name":"wp","href":"https:\/\/api.w.org\/{rel}","templated":true}]}}