{"id":1127,"date":"2024-05-02T08:22:25","date_gmt":"2024-05-02T08:22:25","guid":{"rendered":"https:\/\/new-website.schmidt-bender.hu\/web\/?page_id=1127"},"modified":"2024-05-02T08:24:06","modified_gmt":"2024-05-02T08:24:06","slug":"palyazatok","status":"publish","type":"page","link":"https:\/\/new-website.schmidt-bender.hu\/web\/palyazatok\/","title":{"rendered":"P\u00e1ly\u00e1zatok"},"content":{"rendered":"\t\t<div data-elementor-type=\"wp-page\" data-elementor-id=\"1127\" class=\"elementor elementor-1127\" data-elementor-post-type=\"page\">\n\t\t\t\t<div class=\"elementor-element elementor-element-8f41d16 e-flex e-con-boxed e-con e-parent\" data-id=\"8f41d16\" data-element_type=\"container\" data-core-v316-plus=\"true\">\n\t\t\t\t\t<div class=\"e-con-inner\">\n\t\t\t\t<div class=\"elementor-element elementor-element-1692bc2 elementor-widget elementor-widget-text-editor\" data-id=\"1692bc2\" data-element_type=\"widget\" data-widget_type=\"text-editor.default\">\n\t\t\t\t<div class=\"elementor-widget-container\">\n\t\t\t<style>\/*! elementor - v3.20.0 - 20-03-2024 *\/\n.elementor-widget-text-editor.elementor-drop-cap-view-stacked .elementor-drop-cap{background-color:#69727d;color:#fff}.elementor-widget-text-editor.elementor-drop-cap-view-framed .elementor-drop-cap{color:#69727d;border:3px solid;background-color:transparent}.elementor-widget-text-editor:not(.elementor-drop-cap-view-default) .elementor-drop-cap{margin-top:8px}.elementor-widget-text-editor:not(.elementor-drop-cap-view-default) .elementor-drop-cap-letter{width:1em;height:1em}.elementor-widget-text-editor .elementor-drop-cap{float:left;text-align:center;line-height:1;font-size:50px}.elementor-widget-text-editor .elementor-drop-cap-letter{display:inline-block}<\/style>\t\t\t\t<table style=\"font-weight: 400;\" width=\"100%\"><tbody><tr><td width=\"204\"><p>P\u00e1ly\u00e1z\u00f3 neve:<\/p><\/td><td width=\"310\"><p>SCHMIDT + BENDER Hung\u00e1ria Optikai Korl\u00e1tolt Felel\u0151ss\u00e9g\u0171 T\u00e1rsas\u00e1g<\/p><\/td><\/tr><tr><td width=\"204\"><p>Projekt azonos\u00edt\u00f3sz\u00e1ma:<\/p><\/td><td width=\"310\"><p><strong>GINOP-1.2.1-15-2015-00628<\/strong><\/p><\/td><\/tr><tr><td width=\"204\"><p>Projekt megnevez\u00e9se:<\/p><\/td><td width=\"310\"><p>A SCHMIDT + BENDER HUNG\u00c1RIA Kft. kapacit\u00e1sb\u0151v\u00edt\u0151 beruh\u00e1z\u00e1sa Tenken<\/p><\/td><\/tr><tr><td width=\"204\"><p>OP n\u00e9v:<\/p><\/td><td width=\"310\"><p>GINOP<\/p><\/td><\/tr><tr><td width=\"204\"><p>P\u00e1ly\u00e1zati ki\u00edr\u00e1s megnevez\u00e9se:<\/p><\/td><td width=\"310\"><p>GINOP-1.2.1-15 &#8211; Mikro, kis- \u00e9s k\u00f6z\u00e9pv\u00e1llalkoz\u00e1sok termel\u00e9si kapacit\u00e1sainak b\u0151v\u00edt\u00e9se<\/p><\/td><\/tr><tr><td width=\"204\"><p>Projekt helysz\u00edne (r\u00e9gi\u00f3):<\/p><\/td><td width=\"310\"><p>\u00c9szak-Magyarorsz\u00e1g<\/p><\/td><\/tr><tr><td width=\"204\"><p>Projekt helysz\u00edne (megye):<\/p><\/td><td width=\"310\"><p>Heves<\/p><\/td><\/tr><tr><td width=\"204\"><p>Projekt helysz\u00edne (telep\u00fcl\u00e9s):<\/p><\/td><td width=\"310\"><p>Tenk<\/p><\/td><\/tr><tr><td width=\"204\"><p>Meg\u00edt\u00e9lt \u00f6sszeg:<\/p><\/td><td width=\"310\"><p>162 896 063 .- HUF<\/p><\/td><\/tr><tr><td width=\"204\"><p>T\u00e1mogat\u00e1s ar\u00e1nya:<\/p><\/td><td width=\"310\"><p>50 %<\/p><\/td><\/tr><tr><td width=\"204\"><p>T\u00e1mogat\u00e1si d\u00f6nt\u00e9s d\u00e1tuma:<\/p><\/td><td width=\"310\"><p>2015.12.21<\/p><\/td><\/tr><tr><td width=\"204\"><p>Forr\u00e1s:<\/p><\/td><td width=\"310\"><p>ERFA<\/p><\/td><\/tr><tr><td width=\"204\"><p>Orsz\u00e1g:<\/p><\/td><td width=\"310\"><p>Magyarorsz\u00e1g<\/p><\/td><\/tr><tr><td width=\"204\"><p>Projekt \u00f6sszefoglal\u00e1sa:<\/p><\/td><td width=\"310\"><p>A tenki gy\u00e1rt\u00f3csarnokunk meg\u00e9p\u00edt\u00e9se alapvet\u0151 fontoss\u00e1g\u00fa, mert budapesti \u00fczem\u00fcnk termel\u00e9si kapacit\u00e1s\u00e1nak b\u0151v\u00edt\u00e9s\u00e9re k\u00f6lts\u00e9ghat\u00e9konyan nincsen lehet\u0151s\u00e9g\u00fcnk. Az \u00fczemben a k\u00f6vetkez\u0151 gy\u00e1rt\u00e1si folyamatok fognak zajlani:Optikai \u00fcveg vagy krist\u00e1ly alapanyag\u00fa pr\u00e9slencs\u00e9k mar\u00e1sa;a lemart komponensek pol\u00edroz\u00e1sa;a pol\u00edrozott komponensek k\u00f6zpontos\u00edt\u00e1sa, fazon\u00e1l\u00e1sa;a k\u00e9sz komponensek v\u00e9gellen\u0151rz\u00e9se;orvosi optikai eszk\u00f6z\u00f6k \u00f6sszeszerel\u00e9se k\u00fcls\u0151 besz\u00e1ll\u00edt\u00f3kt\u00f3l sz\u00e1rmaz\u00f3 alkatr\u00e9szekb\u0151l;saj\u00e1t fejleszt\u00e9s\u0171 eszk\u00f6z\u00f6k protot\u00edpus gy\u00e1rt\u00e1sa. Ezen tev\u00e9kenys\u00e9gekhez sz\u00fcks\u00e9ges g\u00e9ppark nem csup\u00e1n orvostechnikai r\u00e9szleg\u00fcnket fejleszti, de \u00faj technol\u00f3gi\u00e1ja r\u00e9v\u00e9n optikai gy\u00e1rt\u00f3kapacit\u00e1sunkat is b\u0151v\u00edti. A CNC vez\u00e9rl\u00e9s\u0171 mar\u00f3, pol\u00edroz\u00f3 \u00e9s k\u00f6zpontos\u00edt\u00f3 berendez\u00e9sek seg\u00edts\u00e9g\u00e9vel az \u00fcveganyag gy\u00e1rt\u00f3j\u00e1t\u00f3l megrendelt pr\u00e9slencs\u00e9ket teljesen k\u00e9sz \u00e1llapotba tudjuk munk\u00e1lni az 5 mm-t\u0151l legal\u00e1bb 100 mm-ig terjed\u0151 \u00e1tm\u00e9r\u0151 tartom\u00e1nyban. Ezen berendez\u00e9sek kiv\u00e1l\u00f3an alkalmasak az 1-2 darabos protot\u00edpus gy\u00e1rtm\u00e1nyokt\u00f3l a nagy darabsz\u00e1m\u00fa megrendel\u00e9sek teljes\u00edt\u00e9s\u00e9n \u00e1t, a k\u00fcl\u00f6nleges \u00fcveganyagok megmunk\u00e1l\u00e1s\u00e1ra is, amire megl\u00e9v\u0151 budapesti eszk\u00f6zparkunkkal nincs lehet\u0151s\u00e9g. Az optikai komponensek gy\u00e1rt\u00e1sa mellett azok v\u00e9gellen\u0151rz\u00e9se is a tenki \u00fczemben fog zajlani. Az optikai fel\u00fclet szab\u00e1lyoss\u00e1g\u00e1nak ellen\u0151rz\u00e9s\u00e9re egy, a jelenlegi 4\u201d-os interferom\u00e9tern\u00e9l nagyobb \u00e1tm\u00e9r\u0151j\u0171, 6\u201d-os interferom\u00e9terre, illetve az ahhoz tartoz\u00f3 objekt\u00edvekre van sz\u00fcks\u00e9g, tov\u00e1bb\u00e1 a budapesti \u00fczem\u00fcnkben eddig nem l\u00e1tott pontoss\u00e1g\u00fa optikai sz\u00f6gm\u00e9r\u0151 \u00e9s k\u00f6zpontoss\u00e1g, valamint f\u00f3kuszt\u00e1vols\u00e1g m\u00e9r\u00e9s\u00e9re alkalmas m\u00e9r\u0151berendez\u00e9sek is telep\u00edt\u00e9sre ker\u00fclnek, az azokhoz kapcsol\u00f3d\u00f3 sz\u00e1m\u00edt\u00f3g\u00e9pes hardverekkel \u00e9s szoftverekkel. \u00d6sszeszerel\u0151 tev\u00e9kenys\u00e9g\u00fcnk kieg\u00e9sz\u00edt\u00e9s\u00e9hez, a m\u00e9r\u0151eszk\u00f6z\u00f6k\u00f6n t\u00fal, egy \u00e1llv\u00e1nyos f\u00far\u00f3-marg\u00f3g\u00e9p, egy m\u0171szer\u00e9sz eszterga, valamint egy asztali k\u00f6sz\u00f6r\u0171g\u00e9p ker\u00fcl beszerz\u00e9sre a sz\u00fcks\u00e9ges kieg\u00e9sz\u00edt\u0151kkel, amik a be\u00e9rkez\u0151 alkatr\u00e9szek el\u0151k\u00e9sz\u00edt\u00e9s\u00e9re, valamint esetleges hib\u00e1inak kijav\u00edt\u00e1s\u00e1ra szolg\u00e1lnak. Mindezek mellett Tenken fognak folyni az orvostechnikai eszk\u00f6z\u00f6kh\u00f6z tartoz\u00f3 fejleszt\u00e9sek is. A projektbe foglalt 3D nyomtat\u00f3 seg\u00edts\u00e9g\u00e9vel a protot\u00edpus gy\u00e1rt\u00e1s igen egyszer\u0171en kivitelezhet\u0151, de a berendez\u00e9s alkalmas k\u00fcl\u00f6nb\u00f6z\u0151, a gy\u00e1rt\u00e1sban haszn\u00e1lt szersz\u00e1m \u00e9s kieg\u00e9sz\u00edt\u0151 el\u0151\u00e1ll\u00edt\u00e1s\u00e1ra is. A termel\u00e9si kapacit\u00e1s b\u0151v\u00edt\u00e9s\u00e9vel a telephelyen \u00faj v\u00e1llalatir\u00e1ny\u00edt\u00e1si rendszer, tov\u00e1bb\u00e1 a CNC vez\u00e9rl\u00e9s\u0171 g\u00e9pekhez, valamint az \u00f6sszeszerel\u00e9shez sz\u00fcks\u00e9ges tervrajzok el\u0151\u00e1ll\u00edt\u00e1s\u00e1hoz 2 db 3 dimenzi\u00f3s sz\u00e1m\u00edt\u00f3g\u00e9pes tervez\u0151szoftver ker\u00fcl telep\u00edt\u00e9sre az ezekhez sz\u00fcks\u00e9ges sz\u00e1m\u00edt\u00f3g\u00e9pekkel egy\u00fctt. A v\u00e1llalatir\u00e1ny\u00edt\u00e1si rendszer hat\u00e9kony m\u0171k\u00f6d\u00e9s\u00e9hez a termel\u00e9sben dolgoz\u00f3 szem\u00e9lyek mindegyike tablet PC-vel lesz ell\u00e1tva. Az \u00fczemben egy rakt\u00e1r is berendez\u00e9sre ker\u00fcl, egy nagy \u00e9s egy kisebb teherb\u00edr\u00e1s\u00fa polcsorral. Az anyagok mozgat\u00e1s\u00e1ra 1 db magas emel\u00e9s\u0171 k\u00e9zi targonca, 1 db nagy teherb\u00edr\u00e1s\u00fa raklapmozgat\u00f3 b\u00e9ka, illetve 1 db emel\u0151asztal szolg\u00e1l.<\/p><\/td><\/tr><tr><td width=\"204\"><p>Uni\u00f3s t\u00e1rsfinansz\u00edroz\u00e1si r\u00e1ta:<\/p><\/td><td width=\"310\"><p>50 &#8211; ERFA<\/p><\/td><\/tr><tr><td width=\"204\"><p>Projekt \u00f6sszk\u00f6lts\u00e9g:<\/p><\/td><td width=\"310\"><p>326 065 706 .- HUF<\/p><\/td><\/tr><tr><td width=\"204\"><p>Megval\u00f3s\u00edt\u00e1s kezdete:<\/p><\/td><td width=\"310\"><p>2015.11.23\u00a0<\/p><\/td><\/tr><tr><td width=\"204\"><p>Megval\u00f3s\u00edt\u00e1s v\u00e9ge:<\/p><\/td><td width=\"310\"><p>2018.05.31\u00a0<\/p><\/td><\/tr><\/tbody><\/table>\t\t\t\t\t\t<\/div>\n\t\t\t\t<\/div>\n\t\t\t\t\t<\/div>\n\t\t\t\t<\/div>\n\t\t\t\t<\/div>\n\t\t","protected":false},"excerpt":{"rendered":"<p>P\u00e1ly\u00e1z\u00f3 neve: SCHMIDT + BENDER Hung\u00e1ria Optikai Korl\u00e1tolt Felel\u0151ss\u00e9g\u0171 T\u00e1rsas\u00e1g Projekt azonos\u00edt\u00f3sz\u00e1ma: GINOP-1.2.1-15-2015-00628 Projekt megnevez\u00e9se: A SCHMIDT + BENDER HUNG\u00c1RIA Kft. kapacit\u00e1sb\u0151v\u00edt\u0151 beruh\u00e1z\u00e1sa Tenken OP n\u00e9v: GINOP P\u00e1ly\u00e1zati ki\u00edr\u00e1s megnevez\u00e9se: GINOP-1.2.1-15 &#8211; Mikro, kis- \u00e9s k\u00f6z\u00e9pv\u00e1llalkoz\u00e1sok termel\u00e9si kapacit\u00e1sainak b\u0151v\u00edt\u00e9se Projekt helysz\u00edne (r\u00e9gi\u00f3): \u00c9szak-Magyarorsz\u00e1g Projekt helysz\u00edne (megye): Heves Projekt helysz\u00edne (telep\u00fcl\u00e9s): Tenk Meg\u00edt\u00e9lt \u00f6sszeg: 162 896 [&hellip;]<\/p>\n","protected":false},"author":1,"featured_media":0,"parent":0,"menu_order":0,"comment_status":"closed","ping_status":"closed","template":"","meta":{"footnotes":""},"class_list":["post-1127","page","type-page","status-publish","hentry"],"yoast_head":"<!-- This site is optimized with the Yoast SEO Premium plugin v22.5 (Yoast SEO v22.5) - https:\/\/yoast.com\/wordpress\/plugins\/seo\/ -->\n<title>P\u00e1ly\u00e1zatok - Schmidt-Bender Hung\u00e1ria<\/title>\n<meta name=\"robots\" content=\"noindex, follow, max-snippet:-1, max-image-preview:large, max-video-preview:-1\" \/>\n<meta property=\"og:locale\" content=\"hu_HU\" \/>\n<meta property=\"og:type\" content=\"article\" \/>\n<meta property=\"og:title\" content=\"P\u00e1ly\u00e1zatok\" \/>\n<meta property=\"og:description\" content=\"P\u00e1ly\u00e1z\u00f3 neve: SCHMIDT + BENDER Hung\u00e1ria Optikai Korl\u00e1tolt Felel\u0151ss\u00e9g\u0171 T\u00e1rsas\u00e1g Projekt azonos\u00edt\u00f3sz\u00e1ma: GINOP-1.2.1-15-2015-00628 Projekt megnevez\u00e9se: A SCHMIDT + BENDER HUNG\u00c1RIA Kft. kapacit\u00e1sb\u0151v\u00edt\u0151 beruh\u00e1z\u00e1sa Tenken OP n\u00e9v: GINOP P\u00e1ly\u00e1zati ki\u00edr\u00e1s megnevez\u00e9se: GINOP-1.2.1-15 &#8211; Mikro, kis- \u00e9s k\u00f6z\u00e9pv\u00e1llalkoz\u00e1sok termel\u00e9si kapacit\u00e1sainak b\u0151v\u00edt\u00e9se Projekt helysz\u00edne (r\u00e9gi\u00f3): \u00c9szak-Magyarorsz\u00e1g Projekt helysz\u00edne (megye): Heves Projekt helysz\u00edne (telep\u00fcl\u00e9s): Tenk Meg\u00edt\u00e9lt \u00f6sszeg: 162 896 [&hellip;]\" \/>\n<meta property=\"og:url\" content=\"https:\/\/new-website.schmidt-bender.hu\/web\/palyazatok\/\" \/>\n<meta property=\"og:site_name\" content=\"Schmidt-Bender Hung\u00e1ria\" \/>\n<meta property=\"article:modified_time\" content=\"2024-05-02T08:24:06+00:00\" \/>\n<meta name=\"twitter:card\" content=\"summary_large_image\" \/>\n<meta name=\"twitter:label1\" content=\"Becs\u00fclt olvas\u00e1si id\u0151\" \/>\n\t<meta name=\"twitter:data1\" content=\"3 perc\" \/>\n<script type=\"application\/ld+json\" class=\"yoast-schema-graph\">{\"@context\":\"https:\/\/schema.org\",\"@graph\":[{\"@type\":\"WebPage\",\"@id\":\"https:\/\/new-website.schmidt-bender.hu\/web\/palyazatok\/\",\"url\":\"https:\/\/new-website.schmidt-bender.hu\/web\/palyazatok\/\",\"name\":\"P\u00e1ly\u00e1zatok - Schmidt-Bender Hung\u00e1ria\",\"isPartOf\":{\"@id\":\"https:\/\/new-website.schmidt-bender.hu\/web\/#website\"},\"datePublished\":\"2024-05-02T08:22:25+00:00\",\"dateModified\":\"2024-05-02T08:24:06+00:00\",\"breadcrumb\":{\"@id\":\"https:\/\/new-website.schmidt-bender.hu\/web\/palyazatok\/#breadcrumb\"},\"inLanguage\":\"hu\",\"potentialAction\":[{\"@type\":\"ReadAction\",\"target\":[\"https:\/\/new-website.schmidt-bender.hu\/web\/palyazatok\/\"]}]},{\"@type\":\"BreadcrumbList\",\"@id\":\"https:\/\/new-website.schmidt-bender.hu\/web\/palyazatok\/#breadcrumb\",\"itemListElement\":[{\"@type\":\"ListItem\",\"position\":1,\"name\":\"Kezd\u0151lap\",\"item\":\"https:\/\/new-website.schmidt-bender.hu\/web\/\"},{\"@type\":\"ListItem\",\"position\":2,\"name\":\"P\u00e1ly\u00e1zatok\"}]},{\"@type\":\"WebSite\",\"@id\":\"https:\/\/new-website.schmidt-bender.hu\/web\/#website\",\"url\":\"https:\/\/new-website.schmidt-bender.hu\/web\/\",\"name\":\"Schmidt-Bender Hung\u00e1ria\",\"description\":\"C\u00e9lt\u00e1vcs\u00f6vek, optika \u00e9s sz\u00e1loptika\",\"publisher\":{\"@id\":\"https:\/\/new-website.schmidt-bender.hu\/web\/#organization\"},\"potentialAction\":[{\"@type\":\"SearchAction\",\"target\":{\"@type\":\"EntryPoint\",\"urlTemplate\":\"https:\/\/new-website.schmidt-bender.hu\/web\/?s={search_term_string}\"},\"query-input\":\"required name=search_term_string\"}],\"inLanguage\":\"hu\"},{\"@type\":\"Organization\",\"@id\":\"https:\/\/new-website.schmidt-bender.hu\/web\/#organization\",\"name\":\"Schmidt-Bender Hung\u00e1ria\",\"url\":\"https:\/\/new-website.schmidt-bender.hu\/web\/\",\"logo\":{\"@type\":\"ImageObject\",\"inLanguage\":\"hu\",\"@id\":\"https:\/\/new-website.schmidt-bender.hu\/web\/#\/schema\/logo\/image\/\",\"url\":\"https:\/\/new-website.schmidt-bender.hu\/web\/wp-content\/uploads\/2024\/03\/header_logo.png\",\"contentUrl\":\"https:\/\/new-website.schmidt-bender.hu\/web\/wp-content\/uploads\/2024\/03\/header_logo.png\",\"width\":202,\"height\":41,\"caption\":\"Schmidt-Bender Hung\u00e1ria\"},\"image\":{\"@id\":\"https:\/\/new-website.schmidt-bender.hu\/web\/#\/schema\/logo\/image\/\"}}]}<\/script>\n<!-- \/ Yoast SEO Premium plugin. -->","yoast_head_json":{"title":"P\u00e1ly\u00e1zatok - Schmidt-Bender Hung\u00e1ria","robots":{"index":"noindex","follow":"follow","max-snippet":"max-snippet:-1","max-image-preview":"max-image-preview:large","max-video-preview":"max-video-preview:-1"},"og_locale":"hu_HU","og_type":"article","og_title":"P\u00e1ly\u00e1zatok","og_description":"P\u00e1ly\u00e1z\u00f3 neve: SCHMIDT + BENDER Hung\u00e1ria Optikai Korl\u00e1tolt Felel\u0151ss\u00e9g\u0171 T\u00e1rsas\u00e1g Projekt azonos\u00edt\u00f3sz\u00e1ma: GINOP-1.2.1-15-2015-00628 Projekt megnevez\u00e9se: A SCHMIDT + BENDER HUNG\u00c1RIA Kft. kapacit\u00e1sb\u0151v\u00edt\u0151 beruh\u00e1z\u00e1sa Tenken OP n\u00e9v: GINOP P\u00e1ly\u00e1zati ki\u00edr\u00e1s megnevez\u00e9se: GINOP-1.2.1-15 &#8211; Mikro, kis- \u00e9s k\u00f6z\u00e9pv\u00e1llalkoz\u00e1sok termel\u00e9si kapacit\u00e1sainak b\u0151v\u00edt\u00e9se Projekt helysz\u00edne (r\u00e9gi\u00f3): \u00c9szak-Magyarorsz\u00e1g Projekt helysz\u00edne (megye): Heves Projekt helysz\u00edne (telep\u00fcl\u00e9s): Tenk Meg\u00edt\u00e9lt \u00f6sszeg: 162 896 [&hellip;]","og_url":"https:\/\/new-website.schmidt-bender.hu\/web\/palyazatok\/","og_site_name":"Schmidt-Bender Hung\u00e1ria","article_modified_time":"2024-05-02T08:24:06+00:00","twitter_card":"summary_large_image","twitter_misc":{"Becs\u00fclt olvas\u00e1si id\u0151":"3 perc"},"schema":{"@context":"https:\/\/schema.org","@graph":[{"@type":"WebPage","@id":"https:\/\/new-website.schmidt-bender.hu\/web\/palyazatok\/","url":"https:\/\/new-website.schmidt-bender.hu\/web\/palyazatok\/","name":"P\u00e1ly\u00e1zatok - Schmidt-Bender Hung\u00e1ria","isPartOf":{"@id":"https:\/\/new-website.schmidt-bender.hu\/web\/#website"},"datePublished":"2024-05-02T08:22:25+00:00","dateModified":"2024-05-02T08:24:06+00:00","breadcrumb":{"@id":"https:\/\/new-website.schmidt-bender.hu\/web\/palyazatok\/#breadcrumb"},"inLanguage":"hu","potentialAction":[{"@type":"ReadAction","target":["https:\/\/new-website.schmidt-bender.hu\/web\/palyazatok\/"]}]},{"@type":"BreadcrumbList","@id":"https:\/\/new-website.schmidt-bender.hu\/web\/palyazatok\/#breadcrumb","itemListElement":[{"@type":"ListItem","position":1,"name":"Kezd\u0151lap","item":"https:\/\/new-website.schmidt-bender.hu\/web\/"},{"@type":"ListItem","position":2,"name":"P\u00e1ly\u00e1zatok"}]},{"@type":"WebSite","@id":"https:\/\/new-website.schmidt-bender.hu\/web\/#website","url":"https:\/\/new-website.schmidt-bender.hu\/web\/","name":"Schmidt-Bender Hung\u00e1ria","description":"C\u00e9lt\u00e1vcs\u00f6vek, optika \u00e9s sz\u00e1loptika","publisher":{"@id":"https:\/\/new-website.schmidt-bender.hu\/web\/#organization"},"potentialAction":[{"@type":"SearchAction","target":{"@type":"EntryPoint","urlTemplate":"https:\/\/new-website.schmidt-bender.hu\/web\/?s={search_term_string}"},"query-input":"required name=search_term_string"}],"inLanguage":"hu"},{"@type":"Organization","@id":"https:\/\/new-website.schmidt-bender.hu\/web\/#organization","name":"Schmidt-Bender Hung\u00e1ria","url":"https:\/\/new-website.schmidt-bender.hu\/web\/","logo":{"@type":"ImageObject","inLanguage":"hu","@id":"https:\/\/new-website.schmidt-bender.hu\/web\/#\/schema\/logo\/image\/","url":"https:\/\/new-website.schmidt-bender.hu\/web\/wp-content\/uploads\/2024\/03\/header_logo.png","contentUrl":"https:\/\/new-website.schmidt-bender.hu\/web\/wp-content\/uploads\/2024\/03\/header_logo.png","width":202,"height":41,"caption":"Schmidt-Bender Hung\u00e1ria"},"image":{"@id":"https:\/\/new-website.schmidt-bender.hu\/web\/#\/schema\/logo\/image\/"}}]}},"_links":{"self":[{"href":"https:\/\/new-website.schmidt-bender.hu\/web\/wp-json\/wp\/v2\/pages\/1127","targetHints":{"allow":["GET"]}}],"collection":[{"href":"https:\/\/new-website.schmidt-bender.hu\/web\/wp-json\/wp\/v2\/pages"}],"about":[{"href":"https:\/\/new-website.schmidt-bender.hu\/web\/wp-json\/wp\/v2\/types\/page"}],"author":[{"embeddable":true,"href":"https:\/\/new-website.schmidt-bender.hu\/web\/wp-json\/wp\/v2\/users\/1"}],"replies":[{"embeddable":true,"href":"https:\/\/new-website.schmidt-bender.hu\/web\/wp-json\/wp\/v2\/comments?post=1127"}],"version-history":[{"count":4,"href":"https:\/\/new-website.schmidt-bender.hu\/web\/wp-json\/wp\/v2\/pages\/1127\/revisions"}],"predecessor-version":[{"id":1131,"href":"https:\/\/new-website.schmidt-bender.hu\/web\/wp-json\/wp\/v2\/pages\/1127\/revisions\/1131"}],"wp:attachment":[{"href":"https:\/\/new-website.schmidt-bender.hu\/web\/wp-json\/wp\/v2\/media?parent=1127"}],"curies":[{"name":"wp","href":"https:\/\/api.w.org\/{rel}","templated":true}]}}