{"id":1061,"date":"2024-04-29T11:59:33","date_gmt":"2024-04-29T11:59:33","guid":{"rendered":"https:\/\/new-website.schmidt-bender.hu\/web\/impressum\/"},"modified":"2024-04-29T12:47:17","modified_gmt":"2024-04-29T12:47:17","slug":"impressum","status":"publish","type":"page","link":"https:\/\/new-website.schmidt-bender.hu\/web\/impressum\/","title":{"rendered":"Impresszum"},"content":{"rendered":"\t\t<div data-elementor-type=\"wp-page\" data-elementor-id=\"1061\" class=\"elementor elementor-1061 elementor-999\" data-elementor-post-type=\"page\">\n\t\t\t\t<div class=\"elementor-element elementor-element-7889e88 e-flex e-con-boxed e-con e-parent\" data-id=\"7889e88\" data-element_type=\"container\" data-core-v316-plus=\"true\">\n\t\t\t\t\t<div class=\"e-con-inner\">\n\t\t\t\t<div class=\"elementor-element elementor-element-846fef0 elementor-widget elementor-widget-text-editor\" data-id=\"846fef0\" data-element_type=\"widget\" data-widget_type=\"text-editor.default\">\n\t\t\t\t<div class=\"elementor-widget-container\">\n\t\t\t<style>\/*! elementor - v3.20.0 - 20-03-2024 *\/\n.elementor-widget-text-editor.elementor-drop-cap-view-stacked .elementor-drop-cap{background-color:#69727d;color:#fff}.elementor-widget-text-editor.elementor-drop-cap-view-framed .elementor-drop-cap{color:#69727d;border:3px solid;background-color:transparent}.elementor-widget-text-editor:not(.elementor-drop-cap-view-default) .elementor-drop-cap{margin-top:8px}.elementor-widget-text-editor:not(.elementor-drop-cap-view-default) .elementor-drop-cap-letter{width:1em;height:1em}.elementor-widget-text-editor .elementor-drop-cap{float:left;text-align:center;line-height:1;font-size:50px}.elementor-widget-text-editor .elementor-drop-cap-letter{display:inline-block}<\/style>\t\t\t\t<p><strong>A weboldal \u00fczemeltet\u0151je:<\/strong><\/p><p><strong>Schmidt &amp; Bender Hung\u00e1ria Optikai Kft.<\/strong><\/p><table id=\"contactDataTable\"><tbody><tr><td>C\u00edme:<\/td><td>1106 Budapest, Feh\u00e9r \u00fat. 10. III. \u00e9p\u00fclet.<\/td><\/tr><tr><td>Telefonsz\u00e1ma:<\/td><td>+36 (1) 434 2100<\/td><\/tr><tr><td>Fax:<\/td><td>+36 (1) 577 2031<\/td><\/tr><tr><td>E-mail c\u00edme:<\/td><td><a href=\"mailto:info@schmidt-bender.hu\">info@schmidt-bender.hu<\/a><\/td><\/tr><tr><td>Ad\u00f3sz\u00e1m:<\/td><td>10792508-2-42<\/td><\/tr><\/tbody><\/table>\t\t\t\t\t\t<\/div>\n\t\t\t\t<\/div>\n\t\t\t\t\t<\/div>\n\t\t\t\t<\/div>\n\t\t<div class=\"elementor-element elementor-element-7170eb1 e-flex e-con-boxed e-con e-parent\" data-id=\"7170eb1\" data-element_type=\"container\" data-core-v316-plus=\"true\">\n\t\t\t\t\t<div class=\"e-con-inner\">\n\t\t\t\t<div class=\"elementor-element elementor-element-9ea7800 elementor-widget elementor-widget-html\" data-id=\"9ea7800\" data-element_type=\"widget\" data-widget_type=\"html.default\">\n\t\t\t\t<div class=\"elementor-widget-container\">\n\t\t\t<iframe data-src=\"https:\/\/www.google.com\/maps\/embed?pb=!1m18!1m12!1m3!1d2695.4909412785732!2d19.140987663721837!3d47.49982949376499!2m3!1f0!2f0!3f0!3m2!1i1024!2i768!4f13.1!3m3!1m2!1s0x4741dcac93890601%3A0x22fa454249206af0!2sSchmidt%20%26%20Bender%20Hung%C3%A1ria%20Optikai%20Kft.!5e0!3m2!1shu!2shu!4v1714391951641!5m2!1shu!2shu\" width=\"600\" height=\"450\" style=\"border:0;\" allowfullscreen=\"\" loading=\"lazy\" referrerpolicy=\"no-referrer-when-downgrade\" src=\"data:image\/gif;base64,R0lGODlhAQABAAAAACH5BAEKAAEALAAAAAABAAEAAAICTAEAOw==\" class=\"lazyload\" data-load-mode=\"1\"><\/iframe>\t\t<\/div>\n\t\t\t\t<\/div>\n\t\t\t\t\t<\/div>\n\t\t\t\t<\/div>\n\t\t<div class=\"elementor-element elementor-element-c025cd6 e-flex e-con-boxed e-con e-parent\" data-id=\"c025cd6\" data-element_type=\"container\" data-core-v316-plus=\"true\">\n\t\t\t\t\t<div class=\"e-con-inner\">\n\t\t\t\t<div class=\"elementor-element elementor-element-55d9311 elementor-widget elementor-widget-text-editor\" data-id=\"55d9311\" data-element_type=\"widget\" data-widget_type=\"text-editor.default\">\n\t\t\t\t<div class=\"elementor-widget-container\">\n\t\t\t\t\t\t\t<div id=\"contentContainer\"><div id=\"contentContainer\"><p>Az oldalon megjelen\u0151 inform\u00e1ci\u00f3k\u00e9rt az \u00fczemeltet\u0151 teljes k\u00f6r\u0171 felel\u0151ss\u00e9get v\u00e1llal.<\/p><\/div><div id=\"footer\">\u00a0<\/div><\/div>\t\t\t\t\t\t<\/div>\n\t\t\t\t<\/div>\n\t\t\t\t\t<\/div>\n\t\t\t\t<\/div>\n\t\t\t\t<\/div>\n\t\t","protected":false},"excerpt":{"rendered":"<p>A weboldal \u00fczemeltet\u0151je: Schmidt &amp; Bender Hung\u00e1ria Optikai Kft. C\u00edme: 1106 Budapest, Feh\u00e9r \u00fat. 10. III. \u00e9p\u00fclet. Telefonsz\u00e1ma: +36 (1) 434 2100 Fax: +36 (1) 577 2031 E-mail c\u00edme: info@schmidt-bender.hu Ad\u00f3sz\u00e1m: 10792508-2-42 Az oldalon megjelen\u0151 inform\u00e1ci\u00f3k\u00e9rt az \u00fczemeltet\u0151 teljes k\u00f6r\u0171 felel\u0151ss\u00e9get v\u00e1llal. \u00a0<\/p>\n","protected":false},"author":1,"featured_media":0,"parent":0,"menu_order":0,"comment_status":"closed","ping_status":"closed","template":"","meta":{"footnotes":""},"class_list":["post-1061","page","type-page","status-publish","hentry"],"yoast_head":"<!-- This site is optimized with the Yoast SEO Premium plugin v22.5 (Yoast SEO v22.5) - https:\/\/yoast.com\/wordpress\/plugins\/seo\/ -->\n<title>Impresszum - Schmidt-Bender Hung\u00e1ria<\/title>\n<meta name=\"robots\" content=\"noindex, follow, max-snippet:-1, max-image-preview:large, max-video-preview:-1\" \/>\n<meta property=\"og:locale\" content=\"hu_HU\" \/>\n<meta property=\"og:type\" content=\"article\" \/>\n<meta property=\"og:title\" content=\"Impresszum\" \/>\n<meta property=\"og:description\" content=\"A weboldal \u00fczemeltet\u0151je: Schmidt &amp; Bender Hung\u00e1ria Optikai Kft. C\u00edme: 1106 Budapest, Feh\u00e9r \u00fat. 10. III. \u00e9p\u00fclet. Telefonsz\u00e1ma: +36 (1) 434 2100 Fax: +36 (1) 577 2031 E-mail c\u00edme: info@schmidt-bender.hu Ad\u00f3sz\u00e1m: 10792508-2-42 Az oldalon megjelen\u0151 inform\u00e1ci\u00f3k\u00e9rt az \u00fczemeltet\u0151 teljes k\u00f6r\u0171 felel\u0151ss\u00e9get v\u00e1llal. \u00a0\" \/>\n<meta property=\"og:url\" content=\"https:\/\/new-website.schmidt-bender.hu\/web\/impressum\/\" \/>\n<meta property=\"og:site_name\" content=\"Schmidt-Bender Hung\u00e1ria\" \/>\n<meta property=\"article:modified_time\" content=\"2024-04-29T12:47:17+00:00\" \/>\n<meta name=\"twitter:card\" content=\"summary_large_image\" \/>\n<script type=\"application\/ld+json\" class=\"yoast-schema-graph\">{\"@context\":\"https:\/\/schema.org\",\"@graph\":[{\"@type\":\"WebPage\",\"@id\":\"https:\/\/new-website.schmidt-bender.hu\/web\/impressum\/\",\"url\":\"https:\/\/new-website.schmidt-bender.hu\/web\/impressum\/\",\"name\":\"Impresszum - Schmidt-Bender Hung\u00e1ria\",\"isPartOf\":{\"@id\":\"https:\/\/new-website.schmidt-bender.hu\/web\/#website\"},\"datePublished\":\"2024-04-29T11:59:33+00:00\",\"dateModified\":\"2024-04-29T12:47:17+00:00\",\"breadcrumb\":{\"@id\":\"https:\/\/new-website.schmidt-bender.hu\/web\/impressum\/#breadcrumb\"},\"inLanguage\":\"hu\",\"potentialAction\":[{\"@type\":\"ReadAction\",\"target\":[\"https:\/\/new-website.schmidt-bender.hu\/web\/impressum\/\"]}]},{\"@type\":\"BreadcrumbList\",\"@id\":\"https:\/\/new-website.schmidt-bender.hu\/web\/impressum\/#breadcrumb\",\"itemListElement\":[{\"@type\":\"ListItem\",\"position\":1,\"name\":\"Kezd\u0151lap\",\"item\":\"https:\/\/new-website.schmidt-bender.hu\/web\/\"},{\"@type\":\"ListItem\",\"position\":2,\"name\":\"Impresszum\"}]},{\"@type\":\"WebSite\",\"@id\":\"https:\/\/new-website.schmidt-bender.hu\/web\/#website\",\"url\":\"https:\/\/new-website.schmidt-bender.hu\/web\/\",\"name\":\"Schmidt-Bender Hung\u00e1ria\",\"description\":\"C\u00e9lt\u00e1vcs\u00f6vek, optika \u00e9s sz\u00e1loptika\",\"publisher\":{\"@id\":\"https:\/\/new-website.schmidt-bender.hu\/web\/#organization\"},\"potentialAction\":[{\"@type\":\"SearchAction\",\"target\":{\"@type\":\"EntryPoint\",\"urlTemplate\":\"https:\/\/new-website.schmidt-bender.hu\/web\/?s={search_term_string}\"},\"query-input\":\"required name=search_term_string\"}],\"inLanguage\":\"hu\"},{\"@type\":\"Organization\",\"@id\":\"https:\/\/new-website.schmidt-bender.hu\/web\/#organization\",\"name\":\"Schmidt-Bender Hung\u00e1ria\",\"url\":\"https:\/\/new-website.schmidt-bender.hu\/web\/\",\"logo\":{\"@type\":\"ImageObject\",\"inLanguage\":\"hu\",\"@id\":\"https:\/\/new-website.schmidt-bender.hu\/web\/#\/schema\/logo\/image\/\",\"url\":\"https:\/\/new-website.schmidt-bender.hu\/web\/wp-content\/uploads\/2024\/03\/header_logo.png\",\"contentUrl\":\"https:\/\/new-website.schmidt-bender.hu\/web\/wp-content\/uploads\/2024\/03\/header_logo.png\",\"width\":202,\"height\":41,\"caption\":\"Schmidt-Bender Hung\u00e1ria\"},\"image\":{\"@id\":\"https:\/\/new-website.schmidt-bender.hu\/web\/#\/schema\/logo\/image\/\"}}]}<\/script>\n<!-- \/ Yoast SEO Premium plugin. -->","yoast_head_json":{"title":"Impresszum - Schmidt-Bender Hung\u00e1ria","robots":{"index":"noindex","follow":"follow","max-snippet":"max-snippet:-1","max-image-preview":"max-image-preview:large","max-video-preview":"max-video-preview:-1"},"og_locale":"hu_HU","og_type":"article","og_title":"Impresszum","og_description":"A weboldal \u00fczemeltet\u0151je: Schmidt &amp; Bender Hung\u00e1ria Optikai Kft. C\u00edme: 1106 Budapest, Feh\u00e9r \u00fat. 10. III. \u00e9p\u00fclet. Telefonsz\u00e1ma: +36 (1) 434 2100 Fax: +36 (1) 577 2031 E-mail c\u00edme: info@schmidt-bender.hu Ad\u00f3sz\u00e1m: 10792508-2-42 Az oldalon megjelen\u0151 inform\u00e1ci\u00f3k\u00e9rt az \u00fczemeltet\u0151 teljes k\u00f6r\u0171 felel\u0151ss\u00e9get v\u00e1llal. \u00a0","og_url":"https:\/\/new-website.schmidt-bender.hu\/web\/impressum\/","og_site_name":"Schmidt-Bender Hung\u00e1ria","article_modified_time":"2024-04-29T12:47:17+00:00","twitter_card":"summary_large_image","schema":{"@context":"https:\/\/schema.org","@graph":[{"@type":"WebPage","@id":"https:\/\/new-website.schmidt-bender.hu\/web\/impressum\/","url":"https:\/\/new-website.schmidt-bender.hu\/web\/impressum\/","name":"Impresszum - Schmidt-Bender Hung\u00e1ria","isPartOf":{"@id":"https:\/\/new-website.schmidt-bender.hu\/web\/#website"},"datePublished":"2024-04-29T11:59:33+00:00","dateModified":"2024-04-29T12:47:17+00:00","breadcrumb":{"@id":"https:\/\/new-website.schmidt-bender.hu\/web\/impressum\/#breadcrumb"},"inLanguage":"hu","potentialAction":[{"@type":"ReadAction","target":["https:\/\/new-website.schmidt-bender.hu\/web\/impressum\/"]}]},{"@type":"BreadcrumbList","@id":"https:\/\/new-website.schmidt-bender.hu\/web\/impressum\/#breadcrumb","itemListElement":[{"@type":"ListItem","position":1,"name":"Kezd\u0151lap","item":"https:\/\/new-website.schmidt-bender.hu\/web\/"},{"@type":"ListItem","position":2,"name":"Impresszum"}]},{"@type":"WebSite","@id":"https:\/\/new-website.schmidt-bender.hu\/web\/#website","url":"https:\/\/new-website.schmidt-bender.hu\/web\/","name":"Schmidt-Bender Hung\u00e1ria","description":"C\u00e9lt\u00e1vcs\u00f6vek, optika \u00e9s sz\u00e1loptika","publisher":{"@id":"https:\/\/new-website.schmidt-bender.hu\/web\/#organization"},"potentialAction":[{"@type":"SearchAction","target":{"@type":"EntryPoint","urlTemplate":"https:\/\/new-website.schmidt-bender.hu\/web\/?s={search_term_string}"},"query-input":"required name=search_term_string"}],"inLanguage":"hu"},{"@type":"Organization","@id":"https:\/\/new-website.schmidt-bender.hu\/web\/#organization","name":"Schmidt-Bender Hung\u00e1ria","url":"https:\/\/new-website.schmidt-bender.hu\/web\/","logo":{"@type":"ImageObject","inLanguage":"hu","@id":"https:\/\/new-website.schmidt-bender.hu\/web\/#\/schema\/logo\/image\/","url":"https:\/\/new-website.schmidt-bender.hu\/web\/wp-content\/uploads\/2024\/03\/header_logo.png","contentUrl":"https:\/\/new-website.schmidt-bender.hu\/web\/wp-content\/uploads\/2024\/03\/header_logo.png","width":202,"height":41,"caption":"Schmidt-Bender Hung\u00e1ria"},"image":{"@id":"https:\/\/new-website.schmidt-bender.hu\/web\/#\/schema\/logo\/image\/"}}]}},"_links":{"self":[{"href":"https:\/\/new-website.schmidt-bender.hu\/web\/wp-json\/wp\/v2\/pages\/1061","targetHints":{"allow":["GET"]}}],"collection":[{"href":"https:\/\/new-website.schmidt-bender.hu\/web\/wp-json\/wp\/v2\/pages"}],"about":[{"href":"https:\/\/new-website.schmidt-bender.hu\/web\/wp-json\/wp\/v2\/types\/page"}],"author":[{"embeddable":true,"href":"https:\/\/new-website.schmidt-bender.hu\/web\/wp-json\/wp\/v2\/users\/1"}],"replies":[{"embeddable":true,"href":"https:\/\/new-website.schmidt-bender.hu\/web\/wp-json\/wp\/v2\/comments?post=1061"}],"version-history":[{"count":3,"href":"https:\/\/new-website.schmidt-bender.hu\/web\/wp-json\/wp\/v2\/pages\/1061\/revisions"}],"predecessor-version":[{"id":1064,"href":"https:\/\/new-website.schmidt-bender.hu\/web\/wp-json\/wp\/v2\/pages\/1061\/revisions\/1064"}],"wp:attachment":[{"href":"https:\/\/new-website.schmidt-bender.hu\/web\/wp-json\/wp\/v2\/media?parent=1061"}],"curies":[{"name":"wp","href":"https:\/\/api.w.org\/{rel}","templated":true}]}}